{"id":13387,"date":"2025-11-25T15:40:08","date_gmt":"2025-11-25T14:40:08","guid":{"rendered":"https:\/\/www.hirtenberg-apotheke.at\/katalog\/produkt\/mag-doskar-schwarzkuemmel-kapseln-100-stk\/"},"modified":"2025-11-25T15:40:43","modified_gmt":"2025-11-25T14:40:43","slug":"mag-doskar-schwarzkuemmel-kapseln-100-stk","status":"publish","type":"product","link":"https:\/\/www.hirtenberg-apotheke.at\/katalog\/produkt\/mag-doskar-schwarzkuemmel-kapseln-100-stk\/","title":{"rendered":"Mag. Doskar Schwarzk\u00fcmmel Kapseln 100 Stk."},"content":{"rendered":"<p>Mag. Doskar Schwarzk\u00fcmmel\u00f6l Kapseln ist ein Nahrungserg\u00e4nzungsmittel aus dem \u00d6l der Nigella nativa. Vor allem wird die schmerzlindernde und entz\u00fcndungshemmende Wirkung des \u00d6ls gesch\u00e4tzt. Es besteht zu \u00fcber 70 % aus wertvollen mehrfach unges\u00e4ttigten Fetts\u00e4uren und enth\u00e4lt zudem \u00e4therische \u00d6le. Die Schwarzk\u00fcmmel\u00f6l Kapseln enthalten zudem Vitamin E, das die Zellen vor oxidativem Stress sch\u00fctzt. Jetz online bestellen!<\/p>\n","protected":false},"excerpt":{"rendered":"<p>Mag. Doskar Schwarzk\u00fcmmel\u00f6l Kapseln ist ein Nahrungserg\u00e4nzungsmittel aus dem \u00d6l der Nigella nativa. Vor allem wird die schmerzlindernde und entz\u00fcndungshemmende Wirkung des \u00d6ls gesch\u00e4tzt. Es besteht zu \u00fcber 70 % aus wertvollen mehrfach unges\u00e4ttigten Fetts\u00e4uren und enth\u00e4lt zudem \u00e4therische \u00d6le. Die Schwarzk\u00fcmmel\u00f6l Kapseln enthalten zudem Vitamin E, das die Zellen vor oxidativem Stress sch\u00fctzt. Jetz [&hellip;]<\/p>\n","protected":false},"featured_media":13389,"template":"","meta":{"_acf_changed":false},"product_brand":[423],"product_cat":[308],"product_tag":[],"class_list":{"0":"post-13387","1":"product","2":"type-product","3":"status-publish","4":"has-post-thumbnail","6":"product_brand-doskar","7":"product_cat-m","8":"pa_packungsgroesse-100-stueck","10":"first","11":"instock","12":"shipping-taxable","13":"purchasable","14":"product-type-simple"},"acf":[],"_links":{"self":[{"href":"https:\/\/www.hirtenberg-apotheke.at\/katalog\/wp-json\/wp\/v2\/product\/13387","targetHints":{"allow":["GET"]}}],"collection":[{"href":"https:\/\/www.hirtenberg-apotheke.at\/katalog\/wp-json\/wp\/v2\/product"}],"about":[{"href":"https:\/\/www.hirtenberg-apotheke.at\/katalog\/wp-json\/wp\/v2\/types\/product"}],"wp:featuredmedia":[{"embeddable":true,"href":"https:\/\/www.hirtenberg-apotheke.at\/katalog\/wp-json\/wp\/v2\/media\/13389"}],"wp:attachment":[{"href":"https:\/\/www.hirtenberg-apotheke.at\/katalog\/wp-json\/wp\/v2\/media?parent=13387"}],"wp:term":[{"taxonomy":"product_brand","embeddable":true,"href":"https:\/\/www.hirtenberg-apotheke.at\/katalog\/wp-json\/wp\/v2\/product_brand?post=13387"},{"taxonomy":"product_cat","embeddable":true,"href":"https:\/\/www.hirtenberg-apotheke.at\/katalog\/wp-json\/wp\/v2\/product_cat?post=13387"},{"taxonomy":"product_tag","embeddable":true,"href":"https:\/\/www.hirtenberg-apotheke.at\/katalog\/wp-json\/wp\/v2\/product_tag?post=13387"}],"curies":[{"name":"wp","href":"https:\/\/api.w.org\/{rel}","templated":true}]}}