{"id":13405,"date":"2025-11-25T15:40:45","date_gmt":"2025-11-25T14:40:45","guid":{"rendered":"https:\/\/www.hirtenberg-apotheke.at\/katalog\/produkt\/immundoc-proabwehr-forte-kapslen-30-stueck\/"},"modified":"2025-11-25T15:40:54","modified_gmt":"2025-11-25T14:40:54","slug":"immundoc-proabwehr-forte-kapslen-30-stueck","status":"publish","type":"product","link":"https:\/\/www.hirtenberg-apotheke.at\/katalog\/produkt\/immundoc-proabwehr-forte-kapslen-30-stueck\/","title":{"rendered":"IMMUNDOC PROABWEHR Forte Kapslen 30 St\u00fcck"},"content":{"rendered":"<p>Immundoc Proabwehr Forte Kapseln mit den Vitaminen C und D unterst\u00fctzen gemeinsam mit Zink und Selen die normale Funktion des Immunsystems. Zink und Selen tragen dar\u00fcberhinaus dazu bei, gemeinsam mit Vitamin E, die Zellen vor oxidativem Stress zu sch\u00fctzen.<\/p>\n","protected":false},"excerpt":{"rendered":"<p>Immundoc Proabwehr Forte Kapseln mit den Vitaminen C und D unterst\u00fctzen gemeinsam mit Zink und Selen die normale Funktion des Immunsystems. Zink und Selen tragen dar\u00fcberhinaus dazu bei, gemeinsam mit Vitamin E, die Zellen vor oxidativem Stress zu sch\u00fctzen.<\/p>\n","protected":false},"featured_media":13407,"template":"","meta":{"_acf_changed":false},"product_brand":[],"product_cat":[370],"product_tag":[],"class_list":{"0":"post-13405","1":"product","2":"type-product","3":"status-publish","4":"has-post-thumbnail","6":"product_cat-i","7":"pa_packungsgroesse-30-stueck","9":"first","10":"instock","11":"shipping-taxable","12":"purchasable","13":"product-type-simple"},"acf":[],"_links":{"self":[{"href":"https:\/\/www.hirtenberg-apotheke.at\/katalog\/wp-json\/wp\/v2\/product\/13405","targetHints":{"allow":["GET"]}}],"collection":[{"href":"https:\/\/www.hirtenberg-apotheke.at\/katalog\/wp-json\/wp\/v2\/product"}],"about":[{"href":"https:\/\/www.hirtenberg-apotheke.at\/katalog\/wp-json\/wp\/v2\/types\/product"}],"wp:featuredmedia":[{"embeddable":true,"href":"https:\/\/www.hirtenberg-apotheke.at\/katalog\/wp-json\/wp\/v2\/media\/13407"}],"wp:attachment":[{"href":"https:\/\/www.hirtenberg-apotheke.at\/katalog\/wp-json\/wp\/v2\/media?parent=13405"}],"wp:term":[{"taxonomy":"product_brand","embeddable":true,"href":"https:\/\/www.hirtenberg-apotheke.at\/katalog\/wp-json\/wp\/v2\/product_brand?post=13405"},{"taxonomy":"product_cat","embeddable":true,"href":"https:\/\/www.hirtenberg-apotheke.at\/katalog\/wp-json\/wp\/v2\/product_cat?post=13405"},{"taxonomy":"product_tag","embeddable":true,"href":"https:\/\/www.hirtenberg-apotheke.at\/katalog\/wp-json\/wp\/v2\/product_tag?post=13405"}],"curies":[{"name":"wp","href":"https:\/\/api.w.org\/{rel}","templated":true}]}}