{"id":13421,"date":"2025-11-25T15:40:45","date_gmt":"2025-11-25T14:40:45","guid":{"rendered":"https:\/\/www.hirtenberg-apotheke.at\/katalog\/produkt\/dynamis-grapefruit-kern-extrakt-innerl-pur-50-ml\/"},"modified":"2025-11-25T15:41:02","modified_gmt":"2025-11-25T14:41:02","slug":"dynamis-grapefruit-kern-extrakt-innerl-pur-50-ml","status":"publish","type":"product","link":"https:\/\/www.hirtenberg-apotheke.at\/katalog\/produkt\/dynamis-grapefruit-kern-extrakt-innerl-pur-50-ml\/","title":{"rendered":"Dynamis Grapefruit Kern Extrakt Innerl. Pur 50 ml"},"content":{"rendered":"<p>Dynamis Grapefruit Kern Extrakt Innerl. Pur ist ein glycerinhaltiger Extract aus Grapefruitkernen und geringen inneren wei\u00dfen Schalenanteilen der Grapefruit. erhalten Sie dieses Produkt in den Packungsgr\u00f6\u00dfen 30 ml, 50 ml, 100 ml und 500 ml.<\/p>\n","protected":false},"excerpt":{"rendered":"<p>Dynamis Grapefruit Kern Extrakt Innerl. Pur ist ein glycerinhaltiger Extract aus Grapefruitkernen und geringen inneren wei\u00dfen Schalenanteilen der Grapefruit. erhalten Sie dieses Produkt in den Packungsgr\u00f6\u00dfen 30 ml, 50 ml, 100 ml und 500 ml.<\/p>\n","protected":false},"featured_media":13423,"template":"","meta":{"_acf_changed":false},"product_brand":[],"product_cat":[295],"product_tag":[],"class_list":{"0":"post-13421","1":"product","2":"type-product","3":"status-publish","4":"has-post-thumbnail","6":"product_cat-d","7":"pa_packungsgroesse-50ml","9":"first","10":"instock","11":"shipping-taxable","12":"purchasable","13":"product-type-simple"},"acf":[],"_links":{"self":[{"href":"https:\/\/www.hirtenberg-apotheke.at\/katalog\/wp-json\/wp\/v2\/product\/13421","targetHints":{"allow":["GET"]}}],"collection":[{"href":"https:\/\/www.hirtenberg-apotheke.at\/katalog\/wp-json\/wp\/v2\/product"}],"about":[{"href":"https:\/\/www.hirtenberg-apotheke.at\/katalog\/wp-json\/wp\/v2\/types\/product"}],"wp:featuredmedia":[{"embeddable":true,"href":"https:\/\/www.hirtenberg-apotheke.at\/katalog\/wp-json\/wp\/v2\/media\/13423"}],"wp:attachment":[{"href":"https:\/\/www.hirtenberg-apotheke.at\/katalog\/wp-json\/wp\/v2\/media?parent=13421"}],"wp:term":[{"taxonomy":"product_brand","embeddable":true,"href":"https:\/\/www.hirtenberg-apotheke.at\/katalog\/wp-json\/wp\/v2\/product_brand?post=13421"},{"taxonomy":"product_cat","embeddable":true,"href":"https:\/\/www.hirtenberg-apotheke.at\/katalog\/wp-json\/wp\/v2\/product_cat?post=13421"},{"taxonomy":"product_tag","embeddable":true,"href":"https:\/\/www.hirtenberg-apotheke.at\/katalog\/wp-json\/wp\/v2\/product_tag?post=13421"}],"curies":[{"name":"wp","href":"https:\/\/api.w.org\/{rel}","templated":true}]}}