{"id":13537,"date":"2025-11-25T15:41:44","date_gmt":"2025-11-25T14:41:44","guid":{"rendered":"https:\/\/www.hirtenberg-apotheke.at\/katalog\/produkt\/grapefruit-bio-extrakt-life-fluessig-50-ml\/"},"modified":"2025-11-25T15:42:07","modified_gmt":"2025-11-25T14:42:07","slug":"grapefruit-bio-extrakt-life-fluessig-50-ml","status":"publish","type":"product","link":"https:\/\/www.hirtenberg-apotheke.at\/katalog\/produkt\/grapefruit-bio-extrakt-life-fluessig-50-ml\/","title":{"rendered":"Grapefruit Bio Extrakt Life fl\u00fcssig 50 ml"},"content":{"rendered":"<p>Life Seed Grapefruitkern-Extrakt Bio ist ein hochwertiger Pflanzenextrakt aus den Kernen der Grapefruit, einer subtropischen Citruspflanze aus der Familie der Rautengew\u00e4chse. \u00c4u\u00dferlich angewendet hilft das Produkt bei Hautunreinheiten, Ekzemen, Schuppenflechte, Herpes, Fu\u00df- bzw. Nagelpilz, Nagelbettentz\u00fcndung, Warzen, H\u00fchneraugen und Wunden sowie zur Desinfektion und gegen Schimmelpilzbefall.<\/p>\n","protected":false},"excerpt":{"rendered":"<p>Life Seed Grapefruitkern-Extrakt Bio ist ein hochwertiger Pflanzenextrakt aus den Kernen der Grapefruit, einer subtropischen Citruspflanze aus der Familie der Rautengew\u00e4chse. \u00c4u\u00dferlich angewendet hilft das Produkt bei Hautunreinheiten, Ekzemen, Schuppenflechte, Herpes, Fu\u00df- bzw. Nagelpilz, Nagelbettentz\u00fcndung, Warzen, H\u00fchneraugen und Wunden sowie zur Desinfektion und gegen Schimmelpilzbefall.<\/p>\n","protected":false},"featured_media":13539,"template":"","meta":{"_acf_changed":false},"product_brand":[],"product_cat":[328],"product_tag":[],"class_list":{"0":"post-13537","1":"product","2":"type-product","3":"status-publish","4":"has-post-thumbnail","6":"product_cat-g","7":"pa_packungsgroesse-50ml","9":"first","10":"instock","11":"shipping-taxable","12":"purchasable","13":"product-type-simple"},"acf":[],"_links":{"self":[{"href":"https:\/\/www.hirtenberg-apotheke.at\/katalog\/wp-json\/wp\/v2\/product\/13537","targetHints":{"allow":["GET"]}}],"collection":[{"href":"https:\/\/www.hirtenberg-apotheke.at\/katalog\/wp-json\/wp\/v2\/product"}],"about":[{"href":"https:\/\/www.hirtenberg-apotheke.at\/katalog\/wp-json\/wp\/v2\/types\/product"}],"wp:featuredmedia":[{"embeddable":true,"href":"https:\/\/www.hirtenberg-apotheke.at\/katalog\/wp-json\/wp\/v2\/media\/13539"}],"wp:attachment":[{"href":"https:\/\/www.hirtenberg-apotheke.at\/katalog\/wp-json\/wp\/v2\/media?parent=13537"}],"wp:term":[{"taxonomy":"product_brand","embeddable":true,"href":"https:\/\/www.hirtenberg-apotheke.at\/katalog\/wp-json\/wp\/v2\/product_brand?post=13537"},{"taxonomy":"product_cat","embeddable":true,"href":"https:\/\/www.hirtenberg-apotheke.at\/katalog\/wp-json\/wp\/v2\/product_cat?post=13537"},{"taxonomy":"product_tag","embeddable":true,"href":"https:\/\/www.hirtenberg-apotheke.at\/katalog\/wp-json\/wp\/v2\/product_tag?post=13537"}],"curies":[{"name":"wp","href":"https:\/\/api.w.org\/{rel}","templated":true}]}}