{"id":13672,"date":"2025-11-25T15:43:12","date_gmt":"2025-11-25T14:43:12","guid":{"rendered":"https:\/\/www.hirtenberg-apotheke.at\/katalog\/produkt\/dynamis-aegyptisches-schwarzkuemmel-oel-kapseln-500-e-60-stk\/"},"modified":"2025-11-25T15:43:35","modified_gmt":"2025-11-25T14:43:35","slug":"dynamis-aegyptisches-schwarzkuemmel-oel-kapseln-500-e-60-stk","status":"publish","type":"product","link":"https:\/\/www.hirtenberg-apotheke.at\/katalog\/produkt\/dynamis-aegyptisches-schwarzkuemmel-oel-kapseln-500-e-60-stk\/","title":{"rendered":"Dynamis \u00c4gyptisches Schwarzk\u00fcmmel \u00d6l Kapseln 500 + E 60 Stk."},"content":{"rendered":"<p>Dynamis \u00c4gyptisches Schwarzk\u00fcmmel \u00d6l Kapseln 500 + E enthalten ein hochwertiges \u00d6l, welches durch die enthaltenen \u00e4therischen \u00d6le seine besondere W\u00fcrze verliehen bekommt. Schwarzk\u00fcmmelsamen und Schwarzk\u00fcmmel\u00f6l sch\u00e4tzte man im Orient schon zur der Zeit der Pharaonen.<\/p>\n","protected":false},"excerpt":{"rendered":"<p>Dynamis \u00c4gyptisches Schwarzk\u00fcmmel \u00d6l Kapseln 500 + E enthalten ein hochwertiges \u00d6l, welches durch die enthaltenen \u00e4therischen \u00d6le seine besondere W\u00fcrze verliehen bekommt. Schwarzk\u00fcmmelsamen und Schwarzk\u00fcmmel\u00f6l sch\u00e4tzte man im Orient schon zur der Zeit der Pharaonen.<\/p>\n","protected":false},"featured_media":0,"template":"","meta":{"_acf_changed":false},"product_brand":[],"product_cat":[295],"product_tag":[],"class_list":{"0":"post-13672","1":"product","2":"type-product","3":"status-publish","5":"product_cat-d","6":"pa_packungsgroesse-60-stueck","8":"first","9":"instock","10":"shipping-taxable","11":"purchasable","12":"product-type-simple"},"acf":[],"_links":{"self":[{"href":"https:\/\/www.hirtenberg-apotheke.at\/katalog\/wp-json\/wp\/v2\/product\/13672","targetHints":{"allow":["GET"]}}],"collection":[{"href":"https:\/\/www.hirtenberg-apotheke.at\/katalog\/wp-json\/wp\/v2\/product"}],"about":[{"href":"https:\/\/www.hirtenberg-apotheke.at\/katalog\/wp-json\/wp\/v2\/types\/product"}],"wp:attachment":[{"href":"https:\/\/www.hirtenberg-apotheke.at\/katalog\/wp-json\/wp\/v2\/media?parent=13672"}],"wp:term":[{"taxonomy":"product_brand","embeddable":true,"href":"https:\/\/www.hirtenberg-apotheke.at\/katalog\/wp-json\/wp\/v2\/product_brand?post=13672"},{"taxonomy":"product_cat","embeddable":true,"href":"https:\/\/www.hirtenberg-apotheke.at\/katalog\/wp-json\/wp\/v2\/product_cat?post=13672"},{"taxonomy":"product_tag","embeddable":true,"href":"https:\/\/www.hirtenberg-apotheke.at\/katalog\/wp-json\/wp\/v2\/product_tag?post=13672"}],"curies":[{"name":"wp","href":"https:\/\/api.w.org\/{rel}","templated":true}]}}