{"id":13677,"date":"2025-11-25T15:43:34","date_gmt":"2025-11-25T14:43:34","guid":{"rendered":"https:\/\/www.hirtenberg-apotheke.at\/katalog\/produkt\/grapefruit-kern-und-schwarzkuemmel-kapseln-60-stk\/"},"modified":"2025-11-25T15:43:37","modified_gmt":"2025-11-25T14:43:37","slug":"grapefruit-kern-und-schwarzkuemmel-kapseln-60-stk","status":"publish","type":"product","link":"https:\/\/www.hirtenberg-apotheke.at\/katalog\/produkt\/grapefruit-kern-und-schwarzkuemmel-kapseln-60-stk\/","title":{"rendered":"Grapefruit Kern und Schwarzk\u00fcmmel Kapseln 60 Stk."},"content":{"rendered":"<p>Grapefruit Kern und Schwarzk\u00fcmmel Kapseln sind ein Nahrungserg\u00e4nzungsmittel mit dem kraftvollen Extrakt der Grapefruitkerne sowie \u00e4gyptischem Schwarzk\u00fcmmel-\u00d6l. Grapefruitkern unterst\u00fctzt so wie auch Schwarzk\u00fcmmel-\u00d6l das Immunsystem.<\/p>\n","protected":false},"excerpt":{"rendered":"<p>Grapefruit Kern und Schwarzk\u00fcmmel Kapseln sind ein Nahrungserg\u00e4nzungsmittel mit dem kraftvollen Extrakt der Grapefruitkerne sowie \u00e4gyptischem Schwarzk\u00fcmmel-\u00d6l. Grapefruitkern unterst\u00fctzt so wie auch Schwarzk\u00fcmmel-\u00d6l das Immunsystem.<\/p>\n","protected":false},"featured_media":13679,"template":"","meta":{"_acf_changed":false},"product_brand":[],"product_cat":[328],"product_tag":[],"class_list":{"0":"post-13677","1":"product","2":"type-product","3":"status-publish","4":"has-post-thumbnail","6":"product_cat-g","7":"pa_packungsgroesse-60-stueck","9":"first","10":"instock","11":"shipping-taxable","12":"purchasable","13":"product-type-simple"},"acf":[],"_links":{"self":[{"href":"https:\/\/www.hirtenberg-apotheke.at\/katalog\/wp-json\/wp\/v2\/product\/13677","targetHints":{"allow":["GET"]}}],"collection":[{"href":"https:\/\/www.hirtenberg-apotheke.at\/katalog\/wp-json\/wp\/v2\/product"}],"about":[{"href":"https:\/\/www.hirtenberg-apotheke.at\/katalog\/wp-json\/wp\/v2\/types\/product"}],"wp:featuredmedia":[{"embeddable":true,"href":"https:\/\/www.hirtenberg-apotheke.at\/katalog\/wp-json\/wp\/v2\/media\/13679"}],"wp:attachment":[{"href":"https:\/\/www.hirtenberg-apotheke.at\/katalog\/wp-json\/wp\/v2\/media?parent=13677"}],"wp:term":[{"taxonomy":"product_brand","embeddable":true,"href":"https:\/\/www.hirtenberg-apotheke.at\/katalog\/wp-json\/wp\/v2\/product_brand?post=13677"},{"taxonomy":"product_cat","embeddable":true,"href":"https:\/\/www.hirtenberg-apotheke.at\/katalog\/wp-json\/wp\/v2\/product_cat?post=13677"},{"taxonomy":"product_tag","embeddable":true,"href":"https:\/\/www.hirtenberg-apotheke.at\/katalog\/wp-json\/wp\/v2\/product_tag?post=13677"}],"curies":[{"name":"wp","href":"https:\/\/api.w.org\/{rel}","templated":true}]}}