{"id":13803,"date":"2025-11-25T15:44:40","date_gmt":"2025-11-25T14:44:40","guid":{"rendered":"https:\/\/www.hirtenberg-apotheke.at\/katalog\/produkt\/hafesan-propolis-500-mg-kapseln-60-stk\/"},"modified":"2025-11-25T15:44:54","modified_gmt":"2025-11-25T14:44:54","slug":"hafesan-propolis-500-mg-kapseln-60-stk","status":"publish","type":"product","link":"https:\/\/www.hirtenberg-apotheke.at\/katalog\/produkt\/hafesan-propolis-500-mg-kapseln-60-stk\/","title":{"rendered":"Hafesan Propolis 500 mg Kapseln 60 Stk."},"content":{"rendered":"<p>Hafesan\u00ae Propolis Kapseln wirken antioxidierend, st\u00e4rken die k\u00f6rpereigenen Abwehrkr\u00e4fte binden sch\u00e4dliche freie Radikale im K\u00f6rper.<\/p>\n","protected":false},"excerpt":{"rendered":"<p>Hafesan\u00ae Propolis Kapseln wirken antioxidierend, st\u00e4rken die k\u00f6rpereigenen Abwehrkr\u00e4fte binden sch\u00e4dliche freie Radikale im K\u00f6rper.<\/p>\n","protected":false},"featured_media":13805,"template":"","meta":{"_acf_changed":false},"product_brand":[329],"product_cat":[330],"product_tag":[],"class_list":{"0":"post-13803","1":"product","2":"type-product","3":"status-publish","4":"has-post-thumbnail","6":"product_brand-hafesan","7":"product_cat-h","8":"pa_packungsgroesse-60-stueck","10":"first","11":"instock","12":"shipping-taxable","13":"purchasable","14":"product-type-simple"},"acf":[],"_links":{"self":[{"href":"https:\/\/www.hirtenberg-apotheke.at\/katalog\/wp-json\/wp\/v2\/product\/13803","targetHints":{"allow":["GET"]}}],"collection":[{"href":"https:\/\/www.hirtenberg-apotheke.at\/katalog\/wp-json\/wp\/v2\/product"}],"about":[{"href":"https:\/\/www.hirtenberg-apotheke.at\/katalog\/wp-json\/wp\/v2\/types\/product"}],"wp:featuredmedia":[{"embeddable":true,"href":"https:\/\/www.hirtenberg-apotheke.at\/katalog\/wp-json\/wp\/v2\/media\/13805"}],"wp:attachment":[{"href":"https:\/\/www.hirtenberg-apotheke.at\/katalog\/wp-json\/wp\/v2\/media?parent=13803"}],"wp:term":[{"taxonomy":"product_brand","embeddable":true,"href":"https:\/\/www.hirtenberg-apotheke.at\/katalog\/wp-json\/wp\/v2\/product_brand?post=13803"},{"taxonomy":"product_cat","embeddable":true,"href":"https:\/\/www.hirtenberg-apotheke.at\/katalog\/wp-json\/wp\/v2\/product_cat?post=13803"},{"taxonomy":"product_tag","embeddable":true,"href":"https:\/\/www.hirtenberg-apotheke.at\/katalog\/wp-json\/wp\/v2\/product_tag?post=13803"}],"curies":[{"name":"wp","href":"https:\/\/api.w.org\/{rel}","templated":true}]}}