{"id":13813,"date":"2025-11-25T15:44:40","date_gmt":"2025-11-25T14:44:40","guid":{"rendered":"https:\/\/www.hirtenberg-apotheke.at\/katalog\/produkt\/hericium-kapseln-250-mg-60-stk\/"},"modified":"2025-11-25T15:44:59","modified_gmt":"2025-11-25T14:44:59","slug":"hericium-kapseln-250-mg-60-stk","status":"publish","type":"product","link":"https:\/\/www.hirtenberg-apotheke.at\/katalog\/produkt\/hericium-kapseln-250-mg-60-stk\/","title":{"rendered":"Hericium Kapseln 250 mg 60 Stk."},"content":{"rendered":"<p>Hericium Kapseln 250 mg eignen sich zur allgemeinen Verbesserung der Versorgung mit Mineralstoffen und Aminos\u00e4uren. Au\u00dferdem unterst\u00fctzt er (wie die meisten Vitalpilze) auf Grund der enthaltenen Polysaccharide die Funktion des Immunsystems und wirkt somit abwehrst\u00e4rkend. Auch ein Einsatz bei entz\u00fcndlichen Magen- Darmerkrankungen erg\u00e4nzend zur \u00e4rztlichen Therapie ist denkbar.<\/p>\n","protected":false},"excerpt":{"rendered":"<p>Hericium Kapseln 250 mg eignen sich zur allgemeinen Verbesserung der Versorgung mit Mineralstoffen und Aminos\u00e4uren. Au\u00dferdem unterst\u00fctzt er (wie die meisten Vitalpilze) auf Grund der enthaltenen Polysaccharide die Funktion des Immunsystems und wirkt somit abwehrst\u00e4rkend. Auch ein Einsatz bei entz\u00fcndlichen Magen- Darmerkrankungen erg\u00e4nzend zur \u00e4rztlichen Therapie ist denkbar.<\/p>\n","protected":false},"featured_media":13815,"template":"","meta":{"_acf_changed":false},"product_brand":[],"product_cat":[330],"product_tag":[],"class_list":{"0":"post-13813","1":"product","2":"type-product","3":"status-publish","4":"has-post-thumbnail","6":"product_cat-h","7":"pa_packungsgroesse-60-stueck","9":"first","10":"instock","11":"shipping-taxable","12":"purchasable","13":"product-type-simple"},"acf":[],"_links":{"self":[{"href":"https:\/\/www.hirtenberg-apotheke.at\/katalog\/wp-json\/wp\/v2\/product\/13813","targetHints":{"allow":["GET"]}}],"collection":[{"href":"https:\/\/www.hirtenberg-apotheke.at\/katalog\/wp-json\/wp\/v2\/product"}],"about":[{"href":"https:\/\/www.hirtenberg-apotheke.at\/katalog\/wp-json\/wp\/v2\/types\/product"}],"wp:featuredmedia":[{"embeddable":true,"href":"https:\/\/www.hirtenberg-apotheke.at\/katalog\/wp-json\/wp\/v2\/media\/13815"}],"wp:attachment":[{"href":"https:\/\/www.hirtenberg-apotheke.at\/katalog\/wp-json\/wp\/v2\/media?parent=13813"}],"wp:term":[{"taxonomy":"product_brand","embeddable":true,"href":"https:\/\/www.hirtenberg-apotheke.at\/katalog\/wp-json\/wp\/v2\/product_brand?post=13813"},{"taxonomy":"product_cat","embeddable":true,"href":"https:\/\/www.hirtenberg-apotheke.at\/katalog\/wp-json\/wp\/v2\/product_cat?post=13813"},{"taxonomy":"product_tag","embeddable":true,"href":"https:\/\/www.hirtenberg-apotheke.at\/katalog\/wp-json\/wp\/v2\/product_tag?post=13813"}],"curies":[{"name":"wp","href":"https:\/\/api.w.org\/{rel}","templated":true}]}}