{"id":13862,"date":"2025-11-25T15:45:04","date_gmt":"2025-11-25T14:45:04","guid":{"rendered":"https:\/\/www.hirtenberg-apotheke.at\/katalog\/produkt\/life-light-alpensegen-schwarz-walnuss-kraeuteressenz-tinktur-50-ml\/"},"modified":"2025-11-25T15:45:27","modified_gmt":"2025-11-25T14:45:27","slug":"life-light-alpensegen-schwarz-walnuss-kraeuteressenz-tinktur-50-ml","status":"publish","type":"product","link":"https:\/\/www.hirtenberg-apotheke.at\/katalog\/produkt\/life-light-alpensegen-schwarz-walnuss-kraeuteressenz-tinktur-50-ml\/","title":{"rendered":"Life Light Alpensegen Schwarz Walnuss Kr\u00e4uteressenz Tinktur 50 ml"},"content":{"rendered":"<p>Walnuss Schalen Tinktur 4-fach Konzentrat reichert das Blut mit Sauerstoff an, wodurch Parasiten abget\u00f6tet werden k\u00f6nnen. Dar\u00fcber hinaus dient das Mittel dazu, den Verdauungstrakt zu reinigen.<\/p>\n","protected":false},"excerpt":{"rendered":"<p>Walnuss Schalen Tinktur 4-fach Konzentrat reichert das Blut mit Sauerstoff an, wodurch Parasiten abget\u00f6tet werden k\u00f6nnen. Dar\u00fcber hinaus dient das Mittel dazu, den Verdauungstrakt zu reinigen.<\/p>\n","protected":false},"featured_media":13864,"template":"","meta":{"_acf_changed":false},"product_brand":[],"product_cat":[317],"product_tag":[],"class_list":{"0":"post-13862","1":"product","2":"type-product","3":"status-publish","4":"has-post-thumbnail","6":"product_cat-l","7":"pa_packungsgroesse-50ml","9":"first","10":"instock","11":"shipping-taxable","12":"purchasable","13":"product-type-simple"},"acf":[],"_links":{"self":[{"href":"https:\/\/www.hirtenberg-apotheke.at\/katalog\/wp-json\/wp\/v2\/product\/13862","targetHints":{"allow":["GET"]}}],"collection":[{"href":"https:\/\/www.hirtenberg-apotheke.at\/katalog\/wp-json\/wp\/v2\/product"}],"about":[{"href":"https:\/\/www.hirtenberg-apotheke.at\/katalog\/wp-json\/wp\/v2\/types\/product"}],"wp:featuredmedia":[{"embeddable":true,"href":"https:\/\/www.hirtenberg-apotheke.at\/katalog\/wp-json\/wp\/v2\/media\/13864"}],"wp:attachment":[{"href":"https:\/\/www.hirtenberg-apotheke.at\/katalog\/wp-json\/wp\/v2\/media?parent=13862"}],"wp:term":[{"taxonomy":"product_brand","embeddable":true,"href":"https:\/\/www.hirtenberg-apotheke.at\/katalog\/wp-json\/wp\/v2\/product_brand?post=13862"},{"taxonomy":"product_cat","embeddable":true,"href":"https:\/\/www.hirtenberg-apotheke.at\/katalog\/wp-json\/wp\/v2\/product_cat?post=13862"},{"taxonomy":"product_tag","embeddable":true,"href":"https:\/\/www.hirtenberg-apotheke.at\/katalog\/wp-json\/wp\/v2\/product_tag?post=13862"}],"curies":[{"name":"wp","href":"https:\/\/api.w.org\/{rel}","templated":true}]}}