{"id":13870,"date":"2025-11-25T15:45:04","date_gmt":"2025-11-25T14:45:04","guid":{"rendered":"https:\/\/www.hirtenberg-apotheke.at\/katalog\/produkt\/dynamis-aegyptisches-schwarzkuemmel-oel-kapseln-500-p-60-stk\/"},"modified":"2025-11-25T15:45:32","modified_gmt":"2025-11-25T14:45:32","slug":"dynamis-aegyptisches-schwarzkuemmel-oel-kapseln-500-p-60-stk","status":"publish","type":"product","link":"https:\/\/www.hirtenberg-apotheke.at\/katalog\/produkt\/dynamis-aegyptisches-schwarzkuemmel-oel-kapseln-500-p-60-stk\/","title":{"rendered":"Dynamis \u00c4gyptisches Schwarzk\u00fcmmel \u00d6l Kapseln 500 P 60 Stk."},"content":{"rendered":"<p>Dynamis \u00c4gyptisches Schwarzk\u00fcmmel \u00d6l Kapseln 500 P sind Weichgelatine-Kapseln, welche ein schonend verarbeitetes, qualit\u00e4ts- und r\u00fcckstandsgepr\u00fcfte Bio-Schwarzk\u00fcmmel\u00f6l enthalten. Das \u00d6l stammt aus kontrolliert biologischem Anbau in \u00c4gypten und wird durch schonende Pressung aus den sonnengereiften Samen des \u00c4gyptischen Bio-Schwarzk\u00fcmmel &#8222;Nigella sativa&#8220; schonend gewonnen.<\/p>\n","protected":false},"excerpt":{"rendered":"<p>Dynamis \u00c4gyptisches Schwarzk\u00fcmmel \u00d6l Kapseln 500 P sind Weichgelatine-Kapseln, welche ein schonend verarbeitetes, qualit\u00e4ts- und r\u00fcckstandsgepr\u00fcfte Bio-Schwarzk\u00fcmmel\u00f6l enthalten. Das \u00d6l stammt aus kontrolliert biologischem Anbau in \u00c4gypten und wird durch schonende Pressung aus den sonnengereiften Samen des \u00c4gyptischen Bio-Schwarzk\u00fcmmel &#8222;Nigella sativa&#8220; schonend gewonnen.<\/p>\n","protected":false},"featured_media":0,"template":"","meta":{"_acf_changed":false},"product_brand":[],"product_cat":[295],"product_tag":[],"class_list":{"0":"post-13870","1":"product","2":"type-product","3":"status-publish","5":"product_cat-d","6":"pa_packungsgroesse-60-stueck","8":"first","9":"instock","10":"shipping-taxable","11":"purchasable","12":"product-type-simple"},"acf":[],"_links":{"self":[{"href":"https:\/\/www.hirtenberg-apotheke.at\/katalog\/wp-json\/wp\/v2\/product\/13870","targetHints":{"allow":["GET"]}}],"collection":[{"href":"https:\/\/www.hirtenberg-apotheke.at\/katalog\/wp-json\/wp\/v2\/product"}],"about":[{"href":"https:\/\/www.hirtenberg-apotheke.at\/katalog\/wp-json\/wp\/v2\/types\/product"}],"wp:attachment":[{"href":"https:\/\/www.hirtenberg-apotheke.at\/katalog\/wp-json\/wp\/v2\/media?parent=13870"}],"wp:term":[{"taxonomy":"product_brand","embeddable":true,"href":"https:\/\/www.hirtenberg-apotheke.at\/katalog\/wp-json\/wp\/v2\/product_brand?post=13870"},{"taxonomy":"product_cat","embeddable":true,"href":"https:\/\/www.hirtenberg-apotheke.at\/katalog\/wp-json\/wp\/v2\/product_cat?post=13870"},{"taxonomy":"product_tag","embeddable":true,"href":"https:\/\/www.hirtenberg-apotheke.at\/katalog\/wp-json\/wp\/v2\/product_tag?post=13870"}],"curies":[{"name":"wp","href":"https:\/\/api.w.org\/{rel}","templated":true}]}}