{"id":13923,"date":"2025-11-25T15:45:54","date_gmt":"2025-11-25T14:45:54","guid":{"rendered":"https:\/\/www.hirtenberg-apotheke.at\/katalog\/produkt\/life-light-gelee-royal-kapseln-60-stk\/"},"modified":"2025-11-25T15:46:01","modified_gmt":"2025-11-25T14:46:01","slug":"life-light-gelee-royal-kapseln-60-stk","status":"publish","type":"product","link":"https:\/\/www.hirtenberg-apotheke.at\/katalog\/produkt\/life-light-gelee-royal-kapseln-60-stk\/","title":{"rendered":"Life Light Gelee Royal Kapseln 60 Stk."},"content":{"rendered":"<p>Life Light Gelee Royal Kapseln enthalten hochwertiges, schonend verarbeitetes Bienensekret, welches die nat\u00fcrlichen Abwehrkr\u00e4fte unterst\u00fctzt. Gelee Royal enth\u00e4lt ein au\u00dferordentlich breites Spektrum an Aminos\u00e4uren, Proteinen, Vitaminen, Mineralstoffen und Spurenelementen und hilft dem K\u00f6rper daher in verschiedensten Funktion.<\/p>\n","protected":false},"excerpt":{"rendered":"<p>Life Light Gelee Royal Kapseln enthalten hochwertiges, schonend verarbeitetes Bienensekret, welches die nat\u00fcrlichen Abwehrkr\u00e4fte unterst\u00fctzt. Gelee Royal enth\u00e4lt ein au\u00dferordentlich breites Spektrum an Aminos\u00e4uren, Proteinen, Vitaminen, Mineralstoffen und Spurenelementen und hilft dem K\u00f6rper daher in verschiedensten Funktion.<\/p>\n","protected":false},"featured_media":13925,"template":"","meta":{"_acf_changed":false},"product_brand":[],"product_cat":[317],"product_tag":[],"class_list":{"0":"post-13923","1":"product","2":"type-product","3":"status-publish","4":"has-post-thumbnail","6":"product_cat-l","7":"pa_packungsgroesse-60-stueck","9":"first","10":"instock","11":"shipping-taxable","12":"purchasable","13":"product-type-simple"},"acf":[],"_links":{"self":[{"href":"https:\/\/www.hirtenberg-apotheke.at\/katalog\/wp-json\/wp\/v2\/product\/13923","targetHints":{"allow":["GET"]}}],"collection":[{"href":"https:\/\/www.hirtenberg-apotheke.at\/katalog\/wp-json\/wp\/v2\/product"}],"about":[{"href":"https:\/\/www.hirtenberg-apotheke.at\/katalog\/wp-json\/wp\/v2\/types\/product"}],"wp:featuredmedia":[{"embeddable":true,"href":"https:\/\/www.hirtenberg-apotheke.at\/katalog\/wp-json\/wp\/v2\/media\/13925"}],"wp:attachment":[{"href":"https:\/\/www.hirtenberg-apotheke.at\/katalog\/wp-json\/wp\/v2\/media?parent=13923"}],"wp:term":[{"taxonomy":"product_brand","embeddable":true,"href":"https:\/\/www.hirtenberg-apotheke.at\/katalog\/wp-json\/wp\/v2\/product_brand?post=13923"},{"taxonomy":"product_cat","embeddable":true,"href":"https:\/\/www.hirtenberg-apotheke.at\/katalog\/wp-json\/wp\/v2\/product_cat?post=13923"},{"taxonomy":"product_tag","embeddable":true,"href":"https:\/\/www.hirtenberg-apotheke.at\/katalog\/wp-json\/wp\/v2\/product_tag?post=13923"}],"curies":[{"name":"wp","href":"https:\/\/api.w.org\/{rel}","templated":true}]}}