{"id":13988,"date":"2025-11-25T15:46:22","date_gmt":"2025-11-25T14:46:22","guid":{"rendered":"https:\/\/www.hirtenberg-apotheke.at\/katalog\/produkt\/dr-ehrenberger-granatapfel-extrakt-kapseln-bio-60-stk\/"},"modified":"2025-11-25T15:46:43","modified_gmt":"2025-11-25T14:46:43","slug":"dr-ehrenberger-granatapfel-extrakt-kapseln-bio-60-stk","status":"publish","type":"product","link":"https:\/\/www.hirtenberg-apotheke.at\/katalog\/produkt\/dr-ehrenberger-granatapfel-extrakt-kapseln-bio-60-stk\/","title":{"rendered":"Dr. Ehrenberger Granatapfel Extrakt Kapseln BIO 60 Stk."},"content":{"rendered":"<p>Dr. Ehrenberger Granatapfel Extrakt Kapseln BIO enth\u00e4lt Phytohormone f\u00fcr Sie und Ihn. Die Hormone wirkt regulierend auf den Hormonspiegel. Das Produkt ist 100% nat\u00fcrlichen Ursprungs.<\/p>\n","protected":false},"excerpt":{"rendered":"<p>Dr. Ehrenberger Granatapfel Extrakt Kapseln BIO enth\u00e4lt Phytohormone f\u00fcr Sie und Ihn. Die Hormone wirkt regulierend auf den Hormonspiegel. Das Produkt ist 100% nat\u00fcrlichen Ursprungs.<\/p>\n","protected":false},"featured_media":13990,"template":"","meta":{"_acf_changed":false},"product_brand":[492],"product_cat":[295],"product_tag":[],"class_list":{"0":"post-13988","1":"product","2":"type-product","3":"status-publish","4":"has-post-thumbnail","6":"product_brand-dr-ehrenberger","7":"product_cat-d","8":"pa_packungsgroesse-60-stueck","10":"first","11":"instock","12":"shipping-taxable","13":"purchasable","14":"product-type-simple"},"acf":[],"_links":{"self":[{"href":"https:\/\/www.hirtenberg-apotheke.at\/katalog\/wp-json\/wp\/v2\/product\/13988","targetHints":{"allow":["GET"]}}],"collection":[{"href":"https:\/\/www.hirtenberg-apotheke.at\/katalog\/wp-json\/wp\/v2\/product"}],"about":[{"href":"https:\/\/www.hirtenberg-apotheke.at\/katalog\/wp-json\/wp\/v2\/types\/product"}],"wp:featuredmedia":[{"embeddable":true,"href":"https:\/\/www.hirtenberg-apotheke.at\/katalog\/wp-json\/wp\/v2\/media\/13990"}],"wp:attachment":[{"href":"https:\/\/www.hirtenberg-apotheke.at\/katalog\/wp-json\/wp\/v2\/media?parent=13988"}],"wp:term":[{"taxonomy":"product_brand","embeddable":true,"href":"https:\/\/www.hirtenberg-apotheke.at\/katalog\/wp-json\/wp\/v2\/product_brand?post=13988"},{"taxonomy":"product_cat","embeddable":true,"href":"https:\/\/www.hirtenberg-apotheke.at\/katalog\/wp-json\/wp\/v2\/product_cat?post=13988"},{"taxonomy":"product_tag","embeddable":true,"href":"https:\/\/www.hirtenberg-apotheke.at\/katalog\/wp-json\/wp\/v2\/product_tag?post=13988"}],"curies":[{"name":"wp","href":"https:\/\/api.w.org\/{rel}","templated":true}]}}