{"id":13999,"date":"2025-11-25T15:46:42","date_gmt":"2025-11-25T14:46:42","guid":{"rendered":"https:\/\/www.hirtenberg-apotheke.at\/katalog\/produkt\/microalgen-spirulina-pulver-100-g\/"},"modified":"2025-11-25T15:46:46","modified_gmt":"2025-11-25T14:46:46","slug":"microalgen-spirulina-pulver-100-g","status":"publish","type":"product","link":"https:\/\/www.hirtenberg-apotheke.at\/katalog\/produkt\/microalgen-spirulina-pulver-100-g\/","title":{"rendered":"Microalgen Spirulina Pulver 100 g"},"content":{"rendered":"<p>Microalgen Spirulina Pulver enh\u00e4lt gr\u00fcne, jodfreie S\u00fc\u00dfwasser-Mikroalgen mit organisch gebundenem Chlorophyll und Vitamin B12. Diese Inhaltsstoffe tragen zu einem normalen Energiestoffwechsel und zur Verringerung von M\u00fcdigkeit bei. Au\u00dferdem wird eine geregelte Funktion des Immunsystems bewirkt.<\/p>\n","protected":false},"excerpt":{"rendered":"<p>Microalgen Spirulina Pulver enh\u00e4lt gr\u00fcne, jodfreie S\u00fc\u00dfwasser-Mikroalgen mit organisch gebundenem Chlorophyll und Vitamin B12. Diese Inhaltsstoffe tragen zu einem normalen Energiestoffwechsel und zur Verringerung von M\u00fcdigkeit bei. Au\u00dferdem wird eine geregelte Funktion des Immunsystems bewirkt.<\/p>\n","protected":false},"featured_media":0,"template":"","meta":{"_acf_changed":false},"product_brand":[],"product_cat":[308],"product_tag":[],"class_list":{"0":"post-13999","1":"product","2":"type-product","3":"status-publish","5":"product_cat-m","6":"pa_packungsgroesse-100g","8":"first","9":"instock","10":"shipping-taxable","11":"purchasable","12":"product-type-simple"},"acf":[],"_links":{"self":[{"href":"https:\/\/www.hirtenberg-apotheke.at\/katalog\/wp-json\/wp\/v2\/product\/13999","targetHints":{"allow":["GET"]}}],"collection":[{"href":"https:\/\/www.hirtenberg-apotheke.at\/katalog\/wp-json\/wp\/v2\/product"}],"about":[{"href":"https:\/\/www.hirtenberg-apotheke.at\/katalog\/wp-json\/wp\/v2\/types\/product"}],"wp:attachment":[{"href":"https:\/\/www.hirtenberg-apotheke.at\/katalog\/wp-json\/wp\/v2\/media?parent=13999"}],"wp:term":[{"taxonomy":"product_brand","embeddable":true,"href":"https:\/\/www.hirtenberg-apotheke.at\/katalog\/wp-json\/wp\/v2\/product_brand?post=13999"},{"taxonomy":"product_cat","embeddable":true,"href":"https:\/\/www.hirtenberg-apotheke.at\/katalog\/wp-json\/wp\/v2\/product_cat?post=13999"},{"taxonomy":"product_tag","embeddable":true,"href":"https:\/\/www.hirtenberg-apotheke.at\/katalog\/wp-json\/wp\/v2\/product_tag?post=13999"}],"curies":[{"name":"wp","href":"https:\/\/api.w.org\/{rel}","templated":true}]}}