{"id":14003,"date":"2025-11-25T15:46:42","date_gmt":"2025-11-25T14:46:42","guid":{"rendered":"https:\/\/www.hirtenberg-apotheke.at\/katalog\/produkt\/gelee-royale-vitamin-c-500-mg-kapseln-100-stk\/"},"modified":"2025-11-25T15:46:48","modified_gmt":"2025-11-25T14:46:48","slug":"gelee-royale-vitamin-c-500-mg-kapseln-100-stk","status":"publish","type":"product","link":"https:\/\/www.hirtenberg-apotheke.at\/katalog\/produkt\/gelee-royale-vitamin-c-500-mg-kapseln-100-stk\/","title":{"rendered":"Gel\u00e9e Royale Vitamin C 500 mg Kapseln 100 Stk."},"content":{"rendered":"<p>Gel\u00e9e Royale auch K\u00f6niginnenfuttersaft genannt, ist ein nat\u00fcrliches Produkt der Schlunddr\u00fcsen (Futtersaftdr\u00fcsen) der Honigbienen. Es wird von den Bienen ganz gezielt zur Aufzucht der K\u00f6niginnenlarven und zur Ern\u00e4hrung der Bienenk\u00f6nigin verwendet.<\/p>\n","protected":false},"excerpt":{"rendered":"<p>Gel\u00e9e Royale auch K\u00f6niginnenfuttersaft genannt, ist ein nat\u00fcrliches Produkt der Schlunddr\u00fcsen (Futtersaftdr\u00fcsen) der Honigbienen. Es wird von den Bienen ganz gezielt zur Aufzucht der K\u00f6niginnenlarven und zur Ern\u00e4hrung der Bienenk\u00f6nigin verwendet.<\/p>\n","protected":false},"featured_media":0,"template":"","meta":{"_acf_changed":false},"product_brand":[],"product_cat":[328],"product_tag":[],"class_list":{"0":"post-14003","1":"product","2":"type-product","3":"status-publish","5":"product_cat-g","6":"pa_packungsgroesse-100-stueck","8":"first","9":"instock","10":"shipping-taxable","11":"purchasable","12":"product-type-simple"},"acf":[],"_links":{"self":[{"href":"https:\/\/www.hirtenberg-apotheke.at\/katalog\/wp-json\/wp\/v2\/product\/14003","targetHints":{"allow":["GET"]}}],"collection":[{"href":"https:\/\/www.hirtenberg-apotheke.at\/katalog\/wp-json\/wp\/v2\/product"}],"about":[{"href":"https:\/\/www.hirtenberg-apotheke.at\/katalog\/wp-json\/wp\/v2\/types\/product"}],"wp:attachment":[{"href":"https:\/\/www.hirtenberg-apotheke.at\/katalog\/wp-json\/wp\/v2\/media?parent=14003"}],"wp:term":[{"taxonomy":"product_brand","embeddable":true,"href":"https:\/\/www.hirtenberg-apotheke.at\/katalog\/wp-json\/wp\/v2\/product_brand?post=14003"},{"taxonomy":"product_cat","embeddable":true,"href":"https:\/\/www.hirtenberg-apotheke.at\/katalog\/wp-json\/wp\/v2\/product_cat?post=14003"},{"taxonomy":"product_tag","embeddable":true,"href":"https:\/\/www.hirtenberg-apotheke.at\/katalog\/wp-json\/wp\/v2\/product_tag?post=14003"}],"curies":[{"name":"wp","href":"https:\/\/api.w.org\/{rel}","templated":true}]}}