{"id":14097,"date":"2025-11-25T15:47:26","date_gmt":"2025-11-25T14:47:26","guid":{"rendered":"https:\/\/www.hirtenberg-apotheke.at\/katalog\/produkt\/neosino-bittermelone-kapseln-60-stk\/"},"modified":"2025-11-25T15:47:34","modified_gmt":"2025-11-25T14:47:34","slug":"neosino-bittermelone-kapseln-60-stk","status":"publish","type":"product","link":"https:\/\/www.hirtenberg-apotheke.at\/katalog\/produkt\/neosino-bittermelone-kapseln-60-stk\/","title":{"rendered":"Neosino Bittermelone Kapseln 60 Stk."},"content":{"rendered":"<p>Die neosino Bittermelone Kapseln unterst\u00fctzen das Immunsystem zu st\u00e4rken, die Durchblutung und Fettverdauung zu f\u00f6rdern, und k\u00f6nnen blutdrucksenkend und entz\u00fcndungshemmend wirken. Neosino\u00ae, ein steirisches Unternehmen, entwickelt und vertreibt hochwertige Produkte, basierend auf Silicium, Magnesium und Calcium, welche durch ihre spezielle Technologie in der Zellerneuerung erfolgreich sind.<\/p>\n","protected":false},"excerpt":{"rendered":"<p>Die neosino Bittermelone Kapseln unterst\u00fctzen das Immunsystem zu st\u00e4rken, die Durchblutung und Fettverdauung zu f\u00f6rdern, und k\u00f6nnen blutdrucksenkend und entz\u00fcndungshemmend wirken. Neosino\u00ae, ein steirisches Unternehmen, entwickelt und vertreibt hochwertige Produkte, basierend auf Silicium, Magnesium und Calcium, welche durch ihre spezielle Technologie in der Zellerneuerung erfolgreich sind.<\/p>\n","protected":false},"featured_media":14099,"template":"","meta":{"_acf_changed":false},"product_brand":[],"product_cat":[310],"product_tag":[],"class_list":{"0":"post-14097","1":"product","2":"type-product","3":"status-publish","4":"has-post-thumbnail","6":"product_cat-n","7":"pa_packungsgroesse-60-stueck","9":"first","10":"instock","11":"shipping-taxable","12":"purchasable","13":"product-type-simple"},"acf":[],"_links":{"self":[{"href":"https:\/\/www.hirtenberg-apotheke.at\/katalog\/wp-json\/wp\/v2\/product\/14097","targetHints":{"allow":["GET"]}}],"collection":[{"href":"https:\/\/www.hirtenberg-apotheke.at\/katalog\/wp-json\/wp\/v2\/product"}],"about":[{"href":"https:\/\/www.hirtenberg-apotheke.at\/katalog\/wp-json\/wp\/v2\/types\/product"}],"wp:featuredmedia":[{"embeddable":true,"href":"https:\/\/www.hirtenberg-apotheke.at\/katalog\/wp-json\/wp\/v2\/media\/14099"}],"wp:attachment":[{"href":"https:\/\/www.hirtenberg-apotheke.at\/katalog\/wp-json\/wp\/v2\/media?parent=14097"}],"wp:term":[{"taxonomy":"product_brand","embeddable":true,"href":"https:\/\/www.hirtenberg-apotheke.at\/katalog\/wp-json\/wp\/v2\/product_brand?post=14097"},{"taxonomy":"product_cat","embeddable":true,"href":"https:\/\/www.hirtenberg-apotheke.at\/katalog\/wp-json\/wp\/v2\/product_cat?post=14097"},{"taxonomy":"product_tag","embeddable":true,"href":"https:\/\/www.hirtenberg-apotheke.at\/katalog\/wp-json\/wp\/v2\/product_tag?post=14097"}],"curies":[{"name":"wp","href":"https:\/\/api.w.org\/{rel}","templated":true}]}}