{"id":14122,"date":"2025-11-25T15:47:41","date_gmt":"2025-11-25T14:47:41","guid":{"rendered":"https:\/\/www.hirtenberg-apotheke.at\/katalog\/produkt\/sanatur-bio-chlorella-pulver-100-g\/"},"modified":"2025-11-25T15:47:45","modified_gmt":"2025-11-25T14:47:45","slug":"sanatur-bio-chlorella-pulver-100-g","status":"publish","type":"product","link":"https:\/\/www.hirtenberg-apotheke.at\/katalog\/produkt\/sanatur-bio-chlorella-pulver-100-g\/","title":{"rendered":"Sanatur Bio Chlorella Pulver 100 g"},"content":{"rendered":"<p>Sanatur Bio Chlorella Pulver liefert unter anderem Vitamin B12, Fols\u00e4ure, Vitamin K und Eisen in nat\u00fcrlicher Form. Das Produkt enth\u00e4lt ausschlie\u00dflich biologische Inhaltsstoffe.<\/p>\n","protected":false},"excerpt":{"rendered":"<p>Sanatur Bio Chlorella Pulver liefert unter anderem Vitamin B12, Fols\u00e4ure, Vitamin K und Eisen in nat\u00fcrlicher Form. Das Produkt enth\u00e4lt ausschlie\u00dflich biologische Inhaltsstoffe.<\/p>\n","protected":false},"featured_media":0,"template":"","meta":{"_acf_changed":false},"product_brand":[],"product_cat":[303],"product_tag":[],"class_list":{"0":"post-14122","1":"product","2":"type-product","3":"status-publish","5":"product_cat-s","6":"pa_packungsgroesse-100g","8":"first","9":"instock","10":"shipping-taxable","11":"purchasable","12":"product-type-simple"},"acf":[],"_links":{"self":[{"href":"https:\/\/www.hirtenberg-apotheke.at\/katalog\/wp-json\/wp\/v2\/product\/14122","targetHints":{"allow":["GET"]}}],"collection":[{"href":"https:\/\/www.hirtenberg-apotheke.at\/katalog\/wp-json\/wp\/v2\/product"}],"about":[{"href":"https:\/\/www.hirtenberg-apotheke.at\/katalog\/wp-json\/wp\/v2\/types\/product"}],"wp:attachment":[{"href":"https:\/\/www.hirtenberg-apotheke.at\/katalog\/wp-json\/wp\/v2\/media?parent=14122"}],"wp:term":[{"taxonomy":"product_brand","embeddable":true,"href":"https:\/\/www.hirtenberg-apotheke.at\/katalog\/wp-json\/wp\/v2\/product_brand?post=14122"},{"taxonomy":"product_cat","embeddable":true,"href":"https:\/\/www.hirtenberg-apotheke.at\/katalog\/wp-json\/wp\/v2\/product_cat?post=14122"},{"taxonomy":"product_tag","embeddable":true,"href":"https:\/\/www.hirtenberg-apotheke.at\/katalog\/wp-json\/wp\/v2\/product_tag?post=14122"}],"curies":[{"name":"wp","href":"https:\/\/api.w.org\/{rel}","templated":true}]}}