{"id":14166,"date":"2025-11-25T15:48:04","date_gmt":"2025-11-25T14:48:04","guid":{"rendered":"https:\/\/www.hirtenberg-apotheke.at\/katalog\/produkt\/shilajit-extrakt-kapseln-60-stk\/"},"modified":"2025-11-25T15:48:10","modified_gmt":"2025-11-25T14:48:10","slug":"shilajit-extrakt-kapseln-60-stk","status":"publish","type":"product","link":"https:\/\/www.hirtenberg-apotheke.at\/katalog\/produkt\/shilajit-extrakt-kapseln-60-stk\/","title":{"rendered":"Shilajit Extrakt Kapseln 60 Stk."},"content":{"rendered":"<p>Shilajit Extrakt Kapseln werden f\u00fcr ihren hohen Anteil an Spurenelementen und Torfs\u00e4uremetaboliten gesch\u00e4tzt. Durch seine au\u00dfergew\u00f6hnliche stoffliche Zusammensetzung wurde Shilajit zu einem der potentesten Mittel der ayurvedischen Lehre.<\/p>\n","protected":false},"excerpt":{"rendered":"<p>Shilajit Extrakt Kapseln werden f\u00fcr ihren hohen Anteil an Spurenelementen und Torfs\u00e4uremetaboliten gesch\u00e4tzt. Durch seine au\u00dfergew\u00f6hnliche stoffliche Zusammensetzung wurde Shilajit zu einem der potentesten Mittel der ayurvedischen Lehre.<\/p>\n","protected":false},"featured_media":14168,"template":"","meta":{"_acf_changed":false},"product_brand":[],"product_cat":[303],"product_tag":[],"class_list":{"0":"post-14166","1":"product","2":"type-product","3":"status-publish","4":"has-post-thumbnail","6":"product_cat-s","7":"pa_packungsgroesse-60-stueck","9":"first","10":"instock","11":"shipping-taxable","12":"purchasable","13":"product-type-simple"},"acf":[],"_links":{"self":[{"href":"https:\/\/www.hirtenberg-apotheke.at\/katalog\/wp-json\/wp\/v2\/product\/14166","targetHints":{"allow":["GET"]}}],"collection":[{"href":"https:\/\/www.hirtenberg-apotheke.at\/katalog\/wp-json\/wp\/v2\/product"}],"about":[{"href":"https:\/\/www.hirtenberg-apotheke.at\/katalog\/wp-json\/wp\/v2\/types\/product"}],"wp:featuredmedia":[{"embeddable":true,"href":"https:\/\/www.hirtenberg-apotheke.at\/katalog\/wp-json\/wp\/v2\/media\/14168"}],"wp:attachment":[{"href":"https:\/\/www.hirtenberg-apotheke.at\/katalog\/wp-json\/wp\/v2\/media?parent=14166"}],"wp:term":[{"taxonomy":"product_brand","embeddable":true,"href":"https:\/\/www.hirtenberg-apotheke.at\/katalog\/wp-json\/wp\/v2\/product_brand?post=14166"},{"taxonomy":"product_cat","embeddable":true,"href":"https:\/\/www.hirtenberg-apotheke.at\/katalog\/wp-json\/wp\/v2\/product_cat?post=14166"},{"taxonomy":"product_tag","embeddable":true,"href":"https:\/\/www.hirtenberg-apotheke.at\/katalog\/wp-json\/wp\/v2\/product_tag?post=14166"}],"curies":[{"name":"wp","href":"https:\/\/api.w.org\/{rel}","templated":true}]}}