{"id":14177,"date":"2025-11-25T15:48:04","date_gmt":"2025-11-25T14:48:04","guid":{"rendered":"https:\/\/www.hirtenberg-apotheke.at\/katalog\/produkt\/l-lysin-kapseln-600mg-dreifaltigkeit-60-stk\/"},"modified":"2025-11-25T15:48:19","modified_gmt":"2025-11-25T14:48:19","slug":"l-lysin-kapseln-600mg-dreifaltigkeit-60-stk","status":"publish","type":"product","link":"https:\/\/www.hirtenberg-apotheke.at\/katalog\/produkt\/l-lysin-kapseln-600mg-dreifaltigkeit-60-stk\/","title":{"rendered":"L-Lysin Kapseln 600mg Dreifaltigkeit 60 Stk."},"content":{"rendered":"<p>L-Lysin Kapseln unterst\u00fctzen das Immunsystem und dienen der Behandlung von Fieberblasen. Lysin ist eine essentielle Aminos\u00e4ure, das bedeutet, der Organismus ben\u00f6tigt sie, um auf Dauer zu \u00fcberleben.<\/p>\n","protected":false},"excerpt":{"rendered":"<p>L-Lysin Kapseln unterst\u00fctzen das Immunsystem und dienen der Behandlung von Fieberblasen. Lysin ist eine essentielle Aminos\u00e4ure, das bedeutet, der Organismus ben\u00f6tigt sie, um auf Dauer zu \u00fcberleben.<\/p>\n","protected":false},"featured_media":14179,"template":"","meta":{"_acf_changed":false},"product_brand":[],"product_cat":[317],"product_tag":[],"class_list":{"0":"post-14177","1":"product","2":"type-product","3":"status-publish","4":"has-post-thumbnail","6":"product_cat-l","7":"pa_packungsgroesse-60-stueck","9":"first","10":"instock","11":"shipping-taxable","12":"purchasable","13":"product-type-simple"},"acf":[],"_links":{"self":[{"href":"https:\/\/www.hirtenberg-apotheke.at\/katalog\/wp-json\/wp\/v2\/product\/14177","targetHints":{"allow":["GET"]}}],"collection":[{"href":"https:\/\/www.hirtenberg-apotheke.at\/katalog\/wp-json\/wp\/v2\/product"}],"about":[{"href":"https:\/\/www.hirtenberg-apotheke.at\/katalog\/wp-json\/wp\/v2\/types\/product"}],"wp:featuredmedia":[{"embeddable":true,"href":"https:\/\/www.hirtenberg-apotheke.at\/katalog\/wp-json\/wp\/v2\/media\/14179"}],"wp:attachment":[{"href":"https:\/\/www.hirtenberg-apotheke.at\/katalog\/wp-json\/wp\/v2\/media?parent=14177"}],"wp:term":[{"taxonomy":"product_brand","embeddable":true,"href":"https:\/\/www.hirtenberg-apotheke.at\/katalog\/wp-json\/wp\/v2\/product_brand?post=14177"},{"taxonomy":"product_cat","embeddable":true,"href":"https:\/\/www.hirtenberg-apotheke.at\/katalog\/wp-json\/wp\/v2\/product_cat?post=14177"},{"taxonomy":"product_tag","embeddable":true,"href":"https:\/\/www.hirtenberg-apotheke.at\/katalog\/wp-json\/wp\/v2\/product_tag?post=14177"}],"curies":[{"name":"wp","href":"https:\/\/api.w.org\/{rel}","templated":true}]}}