{"id":14201,"date":"2025-11-25T15:48:18","date_gmt":"2025-11-25T14:48:18","guid":{"rendered":"https:\/\/www.hirtenberg-apotheke.at\/katalog\/produkt\/chitosan-plus-kapseln\/"},"modified":"2025-11-25T15:48:29","modified_gmt":"2025-11-25T14:48:29","slug":"chitosan-plus-kapseln","status":"publish","type":"product","link":"https:\/\/www.hirtenberg-apotheke.at\/katalog\/produkt\/chitosan-plus-kapseln\/","title":{"rendered":"Chitosan Plus Kapseln"},"content":{"rendered":"<p>Die Chitosan Plus Kapseln unterst\u00fctzen eine fett- und kalorienreduzierte Di\u00e4t. Sie enthalten 200mg Chitosan Pulver, Ascorbins\u00e4ure, Vitamin C, E, B6, B2, B1, B12, Fols\u00e4ure, Niacin und Biotin.<\/p>\n","protected":false},"excerpt":{"rendered":"<p>Die Chitosan Plus Kapseln unterst\u00fctzen eine fett- und kalorienreduzierte Di\u00e4t. Sie enthalten 200mg Chitosan Pulver, Ascorbins\u00e4ure, Vitamin C, E, B6, B2, B1, B12, Fols\u00e4ure, Niacin und Biotin.<\/p>\n","protected":false},"featured_media":14203,"template":"","meta":{"_acf_changed":false},"product_brand":[316],"product_cat":[337],"product_tag":[],"class_list":{"0":"post-14201","1":"product","2":"type-product","3":"status-publish","4":"has-post-thumbnail","6":"product_brand-gall-pharma","7":"product_cat-c","8":"pa_packungsgroesse-60-stueck","10":"first","11":"instock","12":"shipping-taxable","13":"purchasable","14":"product-type-simple"},"acf":[],"_links":{"self":[{"href":"https:\/\/www.hirtenberg-apotheke.at\/katalog\/wp-json\/wp\/v2\/product\/14201","targetHints":{"allow":["GET"]}}],"collection":[{"href":"https:\/\/www.hirtenberg-apotheke.at\/katalog\/wp-json\/wp\/v2\/product"}],"about":[{"href":"https:\/\/www.hirtenberg-apotheke.at\/katalog\/wp-json\/wp\/v2\/types\/product"}],"wp:featuredmedia":[{"embeddable":true,"href":"https:\/\/www.hirtenberg-apotheke.at\/katalog\/wp-json\/wp\/v2\/media\/14203"}],"wp:attachment":[{"href":"https:\/\/www.hirtenberg-apotheke.at\/katalog\/wp-json\/wp\/v2\/media?parent=14201"}],"wp:term":[{"taxonomy":"product_brand","embeddable":true,"href":"https:\/\/www.hirtenberg-apotheke.at\/katalog\/wp-json\/wp\/v2\/product_brand?post=14201"},{"taxonomy":"product_cat","embeddable":true,"href":"https:\/\/www.hirtenberg-apotheke.at\/katalog\/wp-json\/wp\/v2\/product_cat?post=14201"},{"taxonomy":"product_tag","embeddable":true,"href":"https:\/\/www.hirtenberg-apotheke.at\/katalog\/wp-json\/wp\/v2\/product_tag?post=14201"}],"curies":[{"name":"wp","href":"https:\/\/api.w.org\/{rel}","templated":true}]}}