{"id":14251,"date":"2025-11-25T15:48:42","date_gmt":"2025-11-25T14:48:42","guid":{"rendered":"https:\/\/www.hirtenberg-apotheke.at\/katalog\/produkt\/luuf-naphazolin-compositum-nasenspray\/"},"modified":"2025-11-25T15:48:57","modified_gmt":"2025-11-25T14:48:57","slug":"luuf-naphazolin-compositum-nasenspray","status":"publish","type":"product","link":"https:\/\/www.hirtenberg-apotheke.at\/katalog\/produkt\/luuf-naphazolin-compositum-nasenspray\/","title":{"rendered":"Luuf Naphazolin compositum Nasenspray"},"content":{"rendered":"<p>LUUF Naphazolin compositum Nasenspray besteht aus einer schleimhautabschwellenden L\u00f6sung mit dem Wirkstoff Naphazolin, die rasch eine Abnahme der \u00fcberm\u00e4\u00dfigen Sekretbildung bewirkt und die l\u00e4stigen Anzeichen (Symptome) des Schnupfens lindert.<\/p>\n","protected":false},"excerpt":{"rendered":"<p>LUUF Naphazolin compositum Nasenspray besteht aus einer schleimhautabschwellenden L\u00f6sung mit dem Wirkstoff Naphazolin, die rasch eine Abnahme der \u00fcberm\u00e4\u00dfigen Sekretbildung bewirkt und die l\u00e4stigen Anzeichen (Symptome) des Schnupfens lindert.<\/p>\n","protected":false},"featured_media":14253,"template":"","meta":{"_acf_changed":false},"product_brand":[553],"product_cat":[317],"product_tag":[],"class_list":{"0":"post-14251","1":"product","2":"type-product","3":"status-publish","4":"has-post-thumbnail","6":"product_brand-luuf","7":"product_cat-l","8":"pa_packungsgroesse-15ml","10":"first","11":"instock","12":"shipping-taxable","13":"purchasable","14":"product-type-simple"},"acf":[],"_links":{"self":[{"href":"https:\/\/www.hirtenberg-apotheke.at\/katalog\/wp-json\/wp\/v2\/product\/14251","targetHints":{"allow":["GET"]}}],"collection":[{"href":"https:\/\/www.hirtenberg-apotheke.at\/katalog\/wp-json\/wp\/v2\/product"}],"about":[{"href":"https:\/\/www.hirtenberg-apotheke.at\/katalog\/wp-json\/wp\/v2\/types\/product"}],"wp:featuredmedia":[{"embeddable":true,"href":"https:\/\/www.hirtenberg-apotheke.at\/katalog\/wp-json\/wp\/v2\/media\/14253"}],"wp:attachment":[{"href":"https:\/\/www.hirtenberg-apotheke.at\/katalog\/wp-json\/wp\/v2\/media?parent=14251"}],"wp:term":[{"taxonomy":"product_brand","embeddable":true,"href":"https:\/\/www.hirtenberg-apotheke.at\/katalog\/wp-json\/wp\/v2\/product_brand?post=14251"},{"taxonomy":"product_cat","embeddable":true,"href":"https:\/\/www.hirtenberg-apotheke.at\/katalog\/wp-json\/wp\/v2\/product_cat?post=14251"},{"taxonomy":"product_tag","embeddable":true,"href":"https:\/\/www.hirtenberg-apotheke.at\/katalog\/wp-json\/wp\/v2\/product_tag?post=14251"}],"curies":[{"name":"wp","href":"https:\/\/api.w.org\/{rel}","templated":true}]}}