{"id":14266,"date":"2025-11-25T15:49:02","date_gmt":"2025-11-25T14:49:02","guid":{"rendered":"https:\/\/www.hirtenberg-apotheke.at\/katalog\/produkt\/nasic-nasenspray-10-mg-500-mg-10-ml\/"},"modified":"2025-11-25T15:49:07","modified_gmt":"2025-11-25T14:49:07","slug":"nasic-nasenspray-10-mg-500-mg-10-ml","status":"publish","type":"product","link":"https:\/\/www.hirtenberg-apotheke.at\/katalog\/produkt\/nasic-nasenspray-10-mg-500-mg-10-ml\/","title":{"rendered":"nasic Nasenspray 10 mg\/ 500 mg 10 ml"},"content":{"rendered":"<p>nasic &#8211; Nasenspray wird zur Abschwellung der Nasenschleimhaut bei Schnupfen und zur unterst\u00fctzenden Behandlung der Heilung von Haut- und Schleimhautl\u00e4sionen, anfallsweise auftretendem Flie\u00dfschnupfen (Rhinitis vasomotorica) und zur Behandlung der Nasenatmungsbehinderung nach operativen Eingriffen an der Nase angewendet. nasic &#8211; Nasenspray ist f\u00fcr Erwachsene und Schulkinder bestimmt.<\/p>\n","protected":false},"excerpt":{"rendered":"<p>nasic &#8211; Nasenspray wird zur Abschwellung der Nasenschleimhaut bei Schnupfen und zur unterst\u00fctzenden Behandlung der Heilung von Haut- und Schleimhautl\u00e4sionen, anfallsweise auftretendem Flie\u00dfschnupfen (Rhinitis vasomotorica) und zur Behandlung der Nasenatmungsbehinderung nach operativen Eingriffen an der Nase angewendet. nasic &#8211; Nasenspray ist f\u00fcr Erwachsene und Schulkinder bestimmt.<\/p>\n","protected":false},"featured_media":14268,"template":"","meta":{"_acf_changed":false},"product_brand":[],"product_cat":[310],"product_tag":[],"class_list":{"0":"post-14266","1":"product","2":"type-product","3":"status-publish","4":"has-post-thumbnail","6":"product_cat-n","7":"pa_farbe-klare-farblose-loesung","8":"pa_packungsgroesse-10ml","10":"first","11":"instock","12":"shipping-taxable","13":"purchasable","14":"product-type-simple"},"acf":[],"_links":{"self":[{"href":"https:\/\/www.hirtenberg-apotheke.at\/katalog\/wp-json\/wp\/v2\/product\/14266","targetHints":{"allow":["GET"]}}],"collection":[{"href":"https:\/\/www.hirtenberg-apotheke.at\/katalog\/wp-json\/wp\/v2\/product"}],"about":[{"href":"https:\/\/www.hirtenberg-apotheke.at\/katalog\/wp-json\/wp\/v2\/types\/product"}],"wp:featuredmedia":[{"embeddable":true,"href":"https:\/\/www.hirtenberg-apotheke.at\/katalog\/wp-json\/wp\/v2\/media\/14268"}],"wp:attachment":[{"href":"https:\/\/www.hirtenberg-apotheke.at\/katalog\/wp-json\/wp\/v2\/media?parent=14266"}],"wp:term":[{"taxonomy":"product_brand","embeddable":true,"href":"https:\/\/www.hirtenberg-apotheke.at\/katalog\/wp-json\/wp\/v2\/product_brand?post=14266"},{"taxonomy":"product_cat","embeddable":true,"href":"https:\/\/www.hirtenberg-apotheke.at\/katalog\/wp-json\/wp\/v2\/product_cat?post=14266"},{"taxonomy":"product_tag","embeddable":true,"href":"https:\/\/www.hirtenberg-apotheke.at\/katalog\/wp-json\/wp\/v2\/product_tag?post=14266"}],"curies":[{"name":"wp","href":"https:\/\/api.w.org\/{rel}","templated":true}]}}