{"id":14393,"date":"2025-11-25T15:50:26","date_gmt":"2025-11-25T14:50:26","guid":{"rendered":"https:\/\/www.hirtenberg-apotheke.at\/katalog\/produkt\/emser-inhalation-loesung-sachets-20-stk\/"},"modified":"2025-11-25T15:51:46","modified_gmt":"2025-11-25T14:51:46","slug":"emser-inhalation-loesung-sachets-20-stk","status":"publish","type":"product","link":"https:\/\/www.hirtenberg-apotheke.at\/katalog\/produkt\/emser-inhalation-loesung-sachets-20-stk\/","title":{"rendered":"Emser Inhalation L\u00f6sung Sachets 20 Stk."},"content":{"rendered":"<p>Emser\u00ae Inhalationsl\u00f6sung ist eine gebrauchsfertige, isotone L\u00f6sung des Nat\u00fcrlichen Emser Salzes. Sie wird zur Befeuchtung und Unterst\u00fctzung der nat\u00fcrlichen Reinigungsmechanismen der oberen und unteren Atemwege eingesetzt.<\/p>\n","protected":false},"excerpt":{"rendered":"<p>Emser\u00ae Inhalationsl\u00f6sung ist eine gebrauchsfertige, isotone L\u00f6sung des Nat\u00fcrlichen Emser Salzes. Sie wird zur Befeuchtung und Unterst\u00fctzung der nat\u00fcrlichen Reinigungsmechanismen der oberen und unteren Atemwege eingesetzt.<\/p>\n","protected":false},"featured_media":14395,"template":"","meta":{"_acf_changed":false},"product_brand":[527],"product_cat":[307],"product_tag":[],"class_list":{"0":"post-14393","1":"product","2":"type-product","3":"status-publish","4":"has-post-thumbnail","6":"product_brand-emser","7":"product_cat-e","8":"pa_packungsgroesse-60-stueck","9":"pa_packungsgroesse-20-stueck","11":"first","12":"instock","13":"shipping-taxable","14":"purchasable","15":"product-type-simple"},"acf":[],"_links":{"self":[{"href":"https:\/\/www.hirtenberg-apotheke.at\/katalog\/wp-json\/wp\/v2\/product\/14393","targetHints":{"allow":["GET"]}}],"collection":[{"href":"https:\/\/www.hirtenberg-apotheke.at\/katalog\/wp-json\/wp\/v2\/product"}],"about":[{"href":"https:\/\/www.hirtenberg-apotheke.at\/katalog\/wp-json\/wp\/v2\/types\/product"}],"wp:featuredmedia":[{"embeddable":true,"href":"https:\/\/www.hirtenberg-apotheke.at\/katalog\/wp-json\/wp\/v2\/media\/14395"}],"wp:attachment":[{"href":"https:\/\/www.hirtenberg-apotheke.at\/katalog\/wp-json\/wp\/v2\/media?parent=14393"}],"wp:term":[{"taxonomy":"product_brand","embeddable":true,"href":"https:\/\/www.hirtenberg-apotheke.at\/katalog\/wp-json\/wp\/v2\/product_brand?post=14393"},{"taxonomy":"product_cat","embeddable":true,"href":"https:\/\/www.hirtenberg-apotheke.at\/katalog\/wp-json\/wp\/v2\/product_cat?post=14393"},{"taxonomy":"product_tag","embeddable":true,"href":"https:\/\/www.hirtenberg-apotheke.at\/katalog\/wp-json\/wp\/v2\/product_tag?post=14393"}],"curies":[{"name":"wp","href":"https:\/\/api.w.org\/{rel}","templated":true}]}}