{"id":14401,"date":"2025-11-25T15:50:26","date_gmt":"2025-11-25T14:50:26","guid":{"rendered":"https:\/\/www.hirtenberg-apotheke.at\/katalog\/produkt\/sinupret-dragees\/"},"modified":"2025-11-25T15:50:33","modified_gmt":"2025-11-25T14:50:33","slug":"sinupret-dragees","status":"publish","type":"product","link":"https:\/\/www.hirtenberg-apotheke.at\/katalog\/produkt\/sinupret-dragees\/","title":{"rendered":"Sinupret Dragees"},"content":{"rendered":"<p>Sinupret\u00ae Dragees wirkt mit seiner einzigartigen Kombination aus den f\u00fcnf Heilpflanzen Schl\u00fcsselblume, Enzian, Sauerampfer, Holunder und Eisenkraut verl\u00e4sslich gegen Schnupfen sowie gegen akute und chronische Entz\u00fcndungen der Nasennebenh\u00f6hlen. Der festsitzende Schleim wird rasch abtransportiert, die entz\u00fcndete Schleimhaut schwillt ab und man kann wieder freier durchatmen.<\/p>\n","protected":false},"excerpt":{"rendered":"<p>Sinupret\u00ae Dragees wirkt mit seiner einzigartigen Kombination aus den f\u00fcnf Heilpflanzen Schl\u00fcsselblume, Enzian, Sauerampfer, Holunder und Eisenkraut verl\u00e4sslich gegen Schnupfen sowie gegen akute und chronische Entz\u00fcndungen der Nasennebenh\u00f6hlen. Der festsitzende Schleim wird rasch abtransportiert, die entz\u00fcndete Schleimhaut schwillt ab und man kann wieder freier durchatmen.<\/p>\n","protected":false},"featured_media":14403,"template":"","meta":{"_acf_changed":false},"product_brand":[],"product_cat":[303],"product_tag":[],"class_list":{"0":"post-14401","1":"product","2":"type-product","3":"status-publish","4":"has-post-thumbnail","6":"product_cat-s","7":"pa_packungsgroesse-50-stueck","9":"first","10":"instock","11":"shipping-taxable","12":"purchasable","13":"product-type-simple"},"acf":[],"_links":{"self":[{"href":"https:\/\/www.hirtenberg-apotheke.at\/katalog\/wp-json\/wp\/v2\/product\/14401","targetHints":{"allow":["GET"]}}],"collection":[{"href":"https:\/\/www.hirtenberg-apotheke.at\/katalog\/wp-json\/wp\/v2\/product"}],"about":[{"href":"https:\/\/www.hirtenberg-apotheke.at\/katalog\/wp-json\/wp\/v2\/types\/product"}],"wp:featuredmedia":[{"embeddable":true,"href":"https:\/\/www.hirtenberg-apotheke.at\/katalog\/wp-json\/wp\/v2\/media\/14403"}],"wp:attachment":[{"href":"https:\/\/www.hirtenberg-apotheke.at\/katalog\/wp-json\/wp\/v2\/media?parent=14401"}],"wp:term":[{"taxonomy":"product_brand","embeddable":true,"href":"https:\/\/www.hirtenberg-apotheke.at\/katalog\/wp-json\/wp\/v2\/product_brand?post=14401"},{"taxonomy":"product_cat","embeddable":true,"href":"https:\/\/www.hirtenberg-apotheke.at\/katalog\/wp-json\/wp\/v2\/product_cat?post=14401"},{"taxonomy":"product_tag","embeddable":true,"href":"https:\/\/www.hirtenberg-apotheke.at\/katalog\/wp-json\/wp\/v2\/product_tag?post=14401"}],"curies":[{"name":"wp","href":"https:\/\/api.w.org\/{rel}","templated":true}]}}