{"id":14428,"date":"2025-11-25T15:50:43","date_gmt":"2025-11-25T14:50:43","guid":{"rendered":"https:\/\/www.hirtenberg-apotheke.at\/katalog\/produkt\/coldises-nasenoel-spray-sensitiv-10-ml\/"},"modified":"2025-11-25T15:50:50","modified_gmt":"2025-11-25T14:50:50","slug":"coldises-nasenoel-spray-sensitiv-10-ml","status":"publish","type":"product","link":"https:\/\/www.hirtenberg-apotheke.at\/katalog\/produkt\/coldises-nasenoel-spray-sensitiv-10-ml\/","title":{"rendered":"Coldises Nasen\u00f6l Spray sensitiv 10 ml"},"content":{"rendered":"<p>Coldises Spray Sensitiv Nasen\u00f6l dient zur vorbeugenden und unterst\u00fctzenden Behandlung von trockener oder verkrusteter Nasenschleimhaut.<\/p>\n","protected":false},"excerpt":{"rendered":"<p>Coldises Spray Sensitiv Nasen\u00f6l dient zur vorbeugenden und unterst\u00fctzenden Behandlung von trockener oder verkrusteter Nasenschleimhaut.<\/p>\n","protected":false},"featured_media":14430,"template":"","meta":{"_acf_changed":false},"product_brand":[],"product_cat":[337],"product_tag":[],"class_list":{"0":"post-14428","1":"product","2":"type-product","3":"status-publish","4":"has-post-thumbnail","6":"product_cat-c","7":"pa_packungsgroesse-10ml","9":"first","10":"instock","11":"shipping-taxable","12":"purchasable","13":"product-type-simple"},"acf":[],"_links":{"self":[{"href":"https:\/\/www.hirtenberg-apotheke.at\/katalog\/wp-json\/wp\/v2\/product\/14428","targetHints":{"allow":["GET"]}}],"collection":[{"href":"https:\/\/www.hirtenberg-apotheke.at\/katalog\/wp-json\/wp\/v2\/product"}],"about":[{"href":"https:\/\/www.hirtenberg-apotheke.at\/katalog\/wp-json\/wp\/v2\/types\/product"}],"wp:featuredmedia":[{"embeddable":true,"href":"https:\/\/www.hirtenberg-apotheke.at\/katalog\/wp-json\/wp\/v2\/media\/14430"}],"wp:attachment":[{"href":"https:\/\/www.hirtenberg-apotheke.at\/katalog\/wp-json\/wp\/v2\/media?parent=14428"}],"wp:term":[{"taxonomy":"product_brand","embeddable":true,"href":"https:\/\/www.hirtenberg-apotheke.at\/katalog\/wp-json\/wp\/v2\/product_brand?post=14428"},{"taxonomy":"product_cat","embeddable":true,"href":"https:\/\/www.hirtenberg-apotheke.at\/katalog\/wp-json\/wp\/v2\/product_cat?post=14428"},{"taxonomy":"product_tag","embeddable":true,"href":"https:\/\/www.hirtenberg-apotheke.at\/katalog\/wp-json\/wp\/v2\/product_tag?post=14428"}],"curies":[{"name":"wp","href":"https:\/\/api.w.org\/{rel}","templated":true}]}}