{"id":14436,"date":"2025-11-25T15:50:43","date_gmt":"2025-11-25T14:50:43","guid":{"rendered":"https:\/\/www.hirtenberg-apotheke.at\/katalog\/produkt\/rhinomed-schnupfen-kapseln-30-stk\/"},"modified":"2025-11-25T15:51:25","modified_gmt":"2025-11-25T14:51:25","slug":"rhinomed-schnupfen-kapseln-30-stk","status":"publish","type":"product","link":"https:\/\/www.hirtenberg-apotheke.at\/katalog\/produkt\/rhinomed-schnupfen-kapseln-30-stk\/","title":{"rendered":"Rhinomed Schnupfen Kapseln 30 Stk."},"content":{"rendered":"<p>Rhinomed Schnupfen Kapseln dienen zur di\u00e4tetischen Behandlung und werden bei Infekten der oberen Atemwege, speziell von Entz\u00fcndungen der Nasennebenh\u00f6hlen eingesetzt. Au\u00dferdem eignet sich der Einsatz dieser Kapseln auch bei Schnupfen. Di\u00e4tetisches Lebensmittel f\u00fcr besondere medizinische Zwecke. Dieses Produkt ist in den Packungsgr\u00f6\u00dfen 20 und 30 St\u00fcck f\u00fcr Sie erh\u00e4ltlich.<\/p>\n","protected":false},"excerpt":{"rendered":"<p>Rhinomed Schnupfen Kapseln dienen zur di\u00e4tetischen Behandlung und werden bei Infekten der oberen Atemwege, speziell von Entz\u00fcndungen der Nasennebenh\u00f6hlen eingesetzt. Au\u00dferdem eignet sich der Einsatz dieser Kapseln auch bei Schnupfen. Di\u00e4tetisches Lebensmittel f\u00fcr besondere medizinische Zwecke. Dieses Produkt ist in den Packungsgr\u00f6\u00dfen 20 und 30 St\u00fcck f\u00fcr Sie erh\u00e4ltlich.<\/p>\n","protected":false},"featured_media":14438,"template":"","meta":{"_acf_changed":false},"product_brand":[],"product_cat":[311],"product_tag":[],"class_list":{"0":"post-14436","1":"product","2":"type-product","3":"status-publish","4":"has-post-thumbnail","6":"product_cat-r","7":"pa_packungsgroesse-30-stueck","8":"pa_packungsgroesse-20-stueck","10":"first","11":"instock","12":"shipping-taxable","13":"purchasable","14":"product-type-simple"},"acf":[],"_links":{"self":[{"href":"https:\/\/www.hirtenberg-apotheke.at\/katalog\/wp-json\/wp\/v2\/product\/14436","targetHints":{"allow":["GET"]}}],"collection":[{"href":"https:\/\/www.hirtenberg-apotheke.at\/katalog\/wp-json\/wp\/v2\/product"}],"about":[{"href":"https:\/\/www.hirtenberg-apotheke.at\/katalog\/wp-json\/wp\/v2\/types\/product"}],"wp:featuredmedia":[{"embeddable":true,"href":"https:\/\/www.hirtenberg-apotheke.at\/katalog\/wp-json\/wp\/v2\/media\/14438"}],"wp:attachment":[{"href":"https:\/\/www.hirtenberg-apotheke.at\/katalog\/wp-json\/wp\/v2\/media?parent=14436"}],"wp:term":[{"taxonomy":"product_brand","embeddable":true,"href":"https:\/\/www.hirtenberg-apotheke.at\/katalog\/wp-json\/wp\/v2\/product_brand?post=14436"},{"taxonomy":"product_cat","embeddable":true,"href":"https:\/\/www.hirtenberg-apotheke.at\/katalog\/wp-json\/wp\/v2\/product_cat?post=14436"},{"taxonomy":"product_tag","embeddable":true,"href":"https:\/\/www.hirtenberg-apotheke.at\/katalog\/wp-json\/wp\/v2\/product_tag?post=14436"}],"curies":[{"name":"wp","href":"https:\/\/api.w.org\/{rel}","templated":true}]}}