{"id":14445,"date":"2025-11-25T15:50:43","date_gmt":"2025-11-25T14:50:43","guid":{"rendered":"https:\/\/www.hirtenberg-apotheke.at\/katalog\/produkt\/emser-salz-1-beutel-20-stk\/"},"modified":"2025-11-25T15:51:00","modified_gmt":"2025-11-25T14:51:00","slug":"emser-salz-1-beutel-20-stk","status":"publish","type":"product","link":"https:\/\/www.hirtenberg-apotheke.at\/katalog\/produkt\/emser-salz-1-beutel-20-stk\/","title":{"rendered":"Emser Salz 1 Beutel 20 Stk."},"content":{"rendered":"<p>Viele Kinder sind h\u00e4ufig verschnupft, denn ihr Immunsystem ist noch in der Entwicklung. So bringen sie einen Schnupfen nach dem anderen aus dem Kindergarten oder der Schule nach Hause. Ist die Nase erst richtig dicht, kann es leicht zu Nebenh\u00f6hlenentz\u00fcndungen oder Mittelohrentz\u00fcndungen kommen. Deshalb ist es wichtig, Atemwegserkrankungen bei Kindern von Anfang an sorgf\u00e4ltig zu behandeln.<\/p>\n","protected":false},"excerpt":{"rendered":"<p>Viele Kinder sind h\u00e4ufig verschnupft, denn ihr Immunsystem ist noch in der Entwicklung. So bringen sie einen Schnupfen nach dem anderen aus dem Kindergarten oder der Schule nach Hause. Ist die Nase erst richtig dicht, kann es leicht zu Nebenh\u00f6hlenentz\u00fcndungen oder Mittelohrentz\u00fcndungen kommen. Deshalb ist es wichtig, Atemwegserkrankungen bei Kindern von Anfang an sorgf\u00e4ltig zu [&hellip;]<\/p>\n","protected":false},"featured_media":0,"template":"","meta":{"_acf_changed":false},"product_brand":[527],"product_cat":[307],"product_tag":[],"class_list":{"0":"post-14445","1":"product","2":"type-product","3":"status-publish","5":"product_brand-emser","6":"product_cat-e","7":"pa_packungsgroesse-20-beutel","9":"first","10":"instock","11":"shipping-taxable","12":"purchasable","13":"product-type-simple"},"acf":[],"_links":{"self":[{"href":"https:\/\/www.hirtenberg-apotheke.at\/katalog\/wp-json\/wp\/v2\/product\/14445","targetHints":{"allow":["GET"]}}],"collection":[{"href":"https:\/\/www.hirtenberg-apotheke.at\/katalog\/wp-json\/wp\/v2\/product"}],"about":[{"href":"https:\/\/www.hirtenberg-apotheke.at\/katalog\/wp-json\/wp\/v2\/types\/product"}],"wp:attachment":[{"href":"https:\/\/www.hirtenberg-apotheke.at\/katalog\/wp-json\/wp\/v2\/media?parent=14445"}],"wp:term":[{"taxonomy":"product_brand","embeddable":true,"href":"https:\/\/www.hirtenberg-apotheke.at\/katalog\/wp-json\/wp\/v2\/product_brand?post=14445"},{"taxonomy":"product_cat","embeddable":true,"href":"https:\/\/www.hirtenberg-apotheke.at\/katalog\/wp-json\/wp\/v2\/product_cat?post=14445"},{"taxonomy":"product_tag","embeddable":true,"href":"https:\/\/www.hirtenberg-apotheke.at\/katalog\/wp-json\/wp\/v2\/product_tag?post=14445"}],"curies":[{"name":"wp","href":"https:\/\/api.w.org\/{rel}","templated":true}]}}