{"id":14521,"date":"2025-11-25T15:51:34","date_gmt":"2025-11-25T14:51:34","guid":{"rendered":"https:\/\/www.hirtenberg-apotheke.at\/katalog\/produkt\/luuf-nasenfrei-inhalierstift-1-stk\/"},"modified":"2025-11-25T15:51:54","modified_gmt":"2025-11-25T14:51:54","slug":"luuf-nasenfrei-inhalierstift-1-stk","status":"publish","type":"product","link":"https:\/\/www.hirtenberg-apotheke.at\/katalog\/produkt\/luuf-nasenfrei-inhalierstift-1-stk\/","title":{"rendered":"Luuf Nasenfrei &#8211; Inhalierstift &#8211; 1 Stk"},"content":{"rendered":"<p>Der Luuf\u00ae Nasenfreund Riechstift ist ein zuverl\u00e4ssiges, aber zugleich sehr sanftes Mittel bei verstopfter Nase. Er enth\u00e4lt Menthol, Latschenkiefern\u00f6l, Kiefernadel\u00f6l, Eukalyptus\u00f6l und andere naturreine \u00e4therische \u00d6le.<\/p>\n","protected":false},"excerpt":{"rendered":"<p>Der Luuf\u00ae Nasenfreund Riechstift ist ein zuverl\u00e4ssiges, aber zugleich sehr sanftes Mittel bei verstopfter Nase. Er enth\u00e4lt Menthol, Latschenkiefern\u00f6l, Kiefernadel\u00f6l, Eukalyptus\u00f6l und andere naturreine \u00e4therische \u00d6le.<\/p>\n","protected":false},"featured_media":14523,"template":"","meta":{"_acf_changed":false},"product_brand":[553],"product_cat":[317],"product_tag":[],"class_list":{"0":"post-14521","1":"product","2":"type-product","3":"status-publish","4":"has-post-thumbnail","6":"product_brand-luuf","7":"product_cat-l","8":"pa_packungsgroesse-1-stueck","10":"first","11":"instock","12":"shipping-taxable","13":"purchasable","14":"product-type-simple"},"acf":[],"_links":{"self":[{"href":"https:\/\/www.hirtenberg-apotheke.at\/katalog\/wp-json\/wp\/v2\/product\/14521","targetHints":{"allow":["GET"]}}],"collection":[{"href":"https:\/\/www.hirtenberg-apotheke.at\/katalog\/wp-json\/wp\/v2\/product"}],"about":[{"href":"https:\/\/www.hirtenberg-apotheke.at\/katalog\/wp-json\/wp\/v2\/types\/product"}],"wp:featuredmedia":[{"embeddable":true,"href":"https:\/\/www.hirtenberg-apotheke.at\/katalog\/wp-json\/wp\/v2\/media\/14523"}],"wp:attachment":[{"href":"https:\/\/www.hirtenberg-apotheke.at\/katalog\/wp-json\/wp\/v2\/media?parent=14521"}],"wp:term":[{"taxonomy":"product_brand","embeddable":true,"href":"https:\/\/www.hirtenberg-apotheke.at\/katalog\/wp-json\/wp\/v2\/product_brand?post=14521"},{"taxonomy":"product_cat","embeddable":true,"href":"https:\/\/www.hirtenberg-apotheke.at\/katalog\/wp-json\/wp\/v2\/product_cat?post=14521"},{"taxonomy":"product_tag","embeddable":true,"href":"https:\/\/www.hirtenberg-apotheke.at\/katalog\/wp-json\/wp\/v2\/product_tag?post=14521"}],"curies":[{"name":"wp","href":"https:\/\/api.w.org\/{rel}","templated":true}]}}