{"id":14543,"date":"2025-11-25T15:52:10","date_gmt":"2025-11-25T14:52:10","guid":{"rendered":"https:\/\/www.hirtenberg-apotheke.at\/katalog\/produkt\/nasensekretabsaugung-blau-1-stk\/"},"modified":"2025-11-25T15:52:12","modified_gmt":"2025-11-25T14:52:12","slug":"nasensekretabsaugung-blau-1-stk","status":"publish","type":"product","link":"https:\/\/www.hirtenberg-apotheke.at\/katalog\/produkt\/nasensekretabsaugung-blau-1-stk\/","title":{"rendered":"Nasensekretabsaugung blau 1 Stk."},"content":{"rendered":"<p>Nasensekretabsaugung reinigt Nasen schnell und dient als perfekte Vorbeugung medikament\u00f6ser Behandlungen. Mit Hilfe des Nasensaugers kann das aufgestaute Nasensekret \u00e4u\u00dferst schnell, effektiv und bequem aus der Kindernase entfernt werden.<\/p>\n","protected":false},"excerpt":{"rendered":"<p>Nasensekretabsaugung reinigt Nasen schnell und dient als perfekte Vorbeugung medikament\u00f6ser Behandlungen. Mit Hilfe des Nasensaugers kann das aufgestaute Nasensekret \u00e4u\u00dferst schnell, effektiv und bequem aus der Kindernase entfernt werden.<\/p>\n","protected":false},"featured_media":0,"template":"","meta":{"_acf_changed":false},"product_brand":[],"product_cat":[310],"product_tag":[],"class_list":{"0":"post-14543","1":"product","2":"type-product","3":"status-publish","5":"product_cat-n","6":"pa_packungsgroesse-1-stueck","8":"first","9":"instock","10":"shipping-taxable","11":"purchasable","12":"product-type-simple"},"acf":[],"_links":{"self":[{"href":"https:\/\/www.hirtenberg-apotheke.at\/katalog\/wp-json\/wp\/v2\/product\/14543","targetHints":{"allow":["GET"]}}],"collection":[{"href":"https:\/\/www.hirtenberg-apotheke.at\/katalog\/wp-json\/wp\/v2\/product"}],"about":[{"href":"https:\/\/www.hirtenberg-apotheke.at\/katalog\/wp-json\/wp\/v2\/types\/product"}],"wp:attachment":[{"href":"https:\/\/www.hirtenberg-apotheke.at\/katalog\/wp-json\/wp\/v2\/media?parent=14543"}],"wp:term":[{"taxonomy":"product_brand","embeddable":true,"href":"https:\/\/www.hirtenberg-apotheke.at\/katalog\/wp-json\/wp\/v2\/product_brand?post=14543"},{"taxonomy":"product_cat","embeddable":true,"href":"https:\/\/www.hirtenberg-apotheke.at\/katalog\/wp-json\/wp\/v2\/product_cat?post=14543"},{"taxonomy":"product_tag","embeddable":true,"href":"https:\/\/www.hirtenberg-apotheke.at\/katalog\/wp-json\/wp\/v2\/product_tag?post=14543"}],"curies":[{"name":"wp","href":"https:\/\/api.w.org\/{rel}","templated":true}]}}