{"id":14614,"date":"2025-11-25T15:52:35","date_gmt":"2025-11-25T14:52:35","guid":{"rendered":"https:\/\/www.hirtenberg-apotheke.at\/katalog\/produkt\/nicapur-immun-kapseln\/"},"modified":"2025-11-25T15:53:00","modified_gmt":"2025-11-25T14:53:00","slug":"nicapur-immun-kapseln","status":"publish","type":"product","link":"https:\/\/www.hirtenberg-apotheke.at\/katalog\/produkt\/nicapur-immun-kapseln\/","title":{"rendered":"Nicapur Immun Kapseln"},"content":{"rendered":"<p>NICApur Immun Kapseln ist ein Nahrungserg\u00e4nzungsmittel mit 5 Mikron\u00e4hrstoffen und Holunderbeeren-Extrakt zur Unterst\u00fctzung des Immunsystems. Die nicht-saure, magenfreundliche Vitamin C-Verbindung Ester-C verbindet Vitamin C in der Calciumascorbat-Form mit dem nat\u00fcrlichen Vitamin-C-Metaboliten L-Threonat. Dadurch kann das Vitamin C besser aufgenommen werden verweilt l\u00e4nger im K\u00f6rper..<\/p>\n","protected":false},"excerpt":{"rendered":"<p>NICApur Immun Kapseln ist ein Nahrungserg\u00e4nzungsmittel mit 5 Mikron\u00e4hrstoffen und Holunderbeeren-Extrakt zur Unterst\u00fctzung des Immunsystems. Die nicht-saure, magenfreundliche Vitamin C-Verbindung Ester-C verbindet Vitamin C in der Calciumascorbat-Form mit dem nat\u00fcrlichen Vitamin-C-Metaboliten L-Threonat. Dadurch kann das Vitamin C besser aufgenommen werden verweilt l\u00e4nger im K\u00f6rper..<\/p>\n","protected":false},"featured_media":14616,"template":"","meta":{"_acf_changed":false},"product_brand":[309],"product_cat":[310],"product_tag":[],"class_list":{"0":"post-14614","1":"product","2":"type-product","3":"status-publish","4":"has-post-thumbnail","6":"product_brand-nicapur","7":"product_cat-n","8":"pa_packungsgroesse-30-stueck","10":"first","11":"instock","12":"shipping-taxable","13":"purchasable","14":"product-type-simple"},"acf":[],"_links":{"self":[{"href":"https:\/\/www.hirtenberg-apotheke.at\/katalog\/wp-json\/wp\/v2\/product\/14614","targetHints":{"allow":["GET"]}}],"collection":[{"href":"https:\/\/www.hirtenberg-apotheke.at\/katalog\/wp-json\/wp\/v2\/product"}],"about":[{"href":"https:\/\/www.hirtenberg-apotheke.at\/katalog\/wp-json\/wp\/v2\/types\/product"}],"wp:featuredmedia":[{"embeddable":true,"href":"https:\/\/www.hirtenberg-apotheke.at\/katalog\/wp-json\/wp\/v2\/media\/14616"}],"wp:attachment":[{"href":"https:\/\/www.hirtenberg-apotheke.at\/katalog\/wp-json\/wp\/v2\/media?parent=14614"}],"wp:term":[{"taxonomy":"product_brand","embeddable":true,"href":"https:\/\/www.hirtenberg-apotheke.at\/katalog\/wp-json\/wp\/v2\/product_brand?post=14614"},{"taxonomy":"product_cat","embeddable":true,"href":"https:\/\/www.hirtenberg-apotheke.at\/katalog\/wp-json\/wp\/v2\/product_cat?post=14614"},{"taxonomy":"product_tag","embeddable":true,"href":"https:\/\/www.hirtenberg-apotheke.at\/katalog\/wp-json\/wp\/v2\/product_tag?post=14614"}],"curies":[{"name":"wp","href":"https:\/\/api.w.org\/{rel}","templated":true}]}}