{"id":14617,"date":"2025-11-25T15:52:35","date_gmt":"2025-11-25T14:52:35","guid":{"rendered":"https:\/\/www.hirtenberg-apotheke.at\/katalog\/produkt\/exadipin-plus-kapseln-60-stk\/"},"modified":"2025-11-25T15:53:01","modified_gmt":"2025-11-25T14:53:01","slug":"exadipin-plus-kapseln-60-stk","status":"publish","type":"product","link":"https:\/\/www.hirtenberg-apotheke.at\/katalog\/produkt\/exadipin-plus-kapseln-60-stk\/","title":{"rendered":"EXADIPIN plus Kapseln 60 Stk."},"content":{"rendered":"<p>EXADIPIN plus ist ein di\u00e4tetisches Lebensmittel f\u00fcr besondere medizinische Zwecke (Bilanzierte Di\u00e4ten) zur di\u00e4tetischen Behandlung von Adipositas.<\/p>\n","protected":false},"excerpt":{"rendered":"<p>EXADIPIN plus ist ein di\u00e4tetisches Lebensmittel f\u00fcr besondere medizinische Zwecke (Bilanzierte Di\u00e4ten) zur di\u00e4tetischen Behandlung von Adipositas.<\/p>\n","protected":false},"featured_media":14619,"template":"","meta":{"_acf_changed":false},"product_brand":[],"product_cat":[307],"product_tag":[],"class_list":{"0":"post-14617","1":"product","2":"type-product","3":"status-publish","4":"has-post-thumbnail","6":"product_cat-e","7":"pa_packungsgroesse-60-stueck","9":"first","10":"instock","11":"shipping-taxable","12":"purchasable","13":"product-type-simple"},"acf":[],"_links":{"self":[{"href":"https:\/\/www.hirtenberg-apotheke.at\/katalog\/wp-json\/wp\/v2\/product\/14617","targetHints":{"allow":["GET"]}}],"collection":[{"href":"https:\/\/www.hirtenberg-apotheke.at\/katalog\/wp-json\/wp\/v2\/product"}],"about":[{"href":"https:\/\/www.hirtenberg-apotheke.at\/katalog\/wp-json\/wp\/v2\/types\/product"}],"wp:featuredmedia":[{"embeddable":true,"href":"https:\/\/www.hirtenberg-apotheke.at\/katalog\/wp-json\/wp\/v2\/media\/14619"}],"wp:attachment":[{"href":"https:\/\/www.hirtenberg-apotheke.at\/katalog\/wp-json\/wp\/v2\/media?parent=14617"}],"wp:term":[{"taxonomy":"product_brand","embeddable":true,"href":"https:\/\/www.hirtenberg-apotheke.at\/katalog\/wp-json\/wp\/v2\/product_brand?post=14617"},{"taxonomy":"product_cat","embeddable":true,"href":"https:\/\/www.hirtenberg-apotheke.at\/katalog\/wp-json\/wp\/v2\/product_cat?post=14617"},{"taxonomy":"product_tag","embeddable":true,"href":"https:\/\/www.hirtenberg-apotheke.at\/katalog\/wp-json\/wp\/v2\/product_tag?post=14617"}],"curies":[{"name":"wp","href":"https:\/\/api.w.org\/{rel}","templated":true}]}}