{"id":14628,"date":"2025-11-25T15:53:06","date_gmt":"2025-11-25T14:53:06","guid":{"rendered":"https:\/\/www.hirtenberg-apotheke.at\/katalog\/produkt\/formoline-l112-tabletten\/"},"modified":"2025-11-25T15:53:18","modified_gmt":"2025-11-25T14:53:18","slug":"formoline-l112-tabletten","status":"publish","type":"product","link":"https:\/\/www.hirtenberg-apotheke.at\/katalog\/produkt\/formoline-l112-tabletten\/","title":{"rendered":"Formoline L112 Tabletten"},"content":{"rendered":"<p>Formoline L112 ist ein Lipidbinder zur Unterst\u00fctzung der Behandlung von \u00dcbergewicht und zur Verminderung der Cholesterinaufnahme aus der Nahrung. Der einzigartige Wirk-Ballaststoff L112 aus nat\u00fcrlichen Quellen bindet einen Gro\u00dfteil der aufgenommenen Nahrungsfette im Magen-Darm-Trakt, sodass die darin enthaltenen Kalorien nicht vom K\u00f6rper aufgenommen werden&#8230;.<\/p>\n","protected":false},"excerpt":{"rendered":"<p>Formoline L112 ist ein Lipidbinder zur Unterst\u00fctzung der Behandlung von \u00dcbergewicht und zur Verminderung der Cholesterinaufnahme aus der Nahrung. Der einzigartige Wirk-Ballaststoff L112 aus nat\u00fcrlichen Quellen bindet einen Gro\u00dfteil der aufgenommenen Nahrungsfette im Magen-Darm-Trakt, sodass die darin enthaltenen Kalorien nicht vom K\u00f6rper aufgenommen werden&#8230;.<\/p>\n","protected":false},"featured_media":0,"template":"","meta":{"_acf_changed":false},"product_brand":[608],"product_cat":[322],"product_tag":[],"class_list":{"0":"post-14628","1":"product","2":"type-product","3":"status-publish","5":"product_brand-formoline","6":"product_cat-f","7":"pa_packungsgroesse-160-stueck","8":"pa_packungsgroesse-48-stueck","9":"pa_packungsgroesse-80-stueck","11":"first","12":"instock","13":"shipping-taxable","14":"purchasable","15":"product-type-variable"},"acf":[],"_links":{"self":[{"href":"https:\/\/www.hirtenberg-apotheke.at\/katalog\/wp-json\/wp\/v2\/product\/14628","targetHints":{"allow":["GET"]}}],"collection":[{"href":"https:\/\/www.hirtenberg-apotheke.at\/katalog\/wp-json\/wp\/v2\/product"}],"about":[{"href":"https:\/\/www.hirtenberg-apotheke.at\/katalog\/wp-json\/wp\/v2\/types\/product"}],"wp:attachment":[{"href":"https:\/\/www.hirtenberg-apotheke.at\/katalog\/wp-json\/wp\/v2\/media?parent=14628"}],"wp:term":[{"taxonomy":"product_brand","embeddable":true,"href":"https:\/\/www.hirtenberg-apotheke.at\/katalog\/wp-json\/wp\/v2\/product_brand?post=14628"},{"taxonomy":"product_cat","embeddable":true,"href":"https:\/\/www.hirtenberg-apotheke.at\/katalog\/wp-json\/wp\/v2\/product_cat?post=14628"},{"taxonomy":"product_tag","embeddable":true,"href":"https:\/\/www.hirtenberg-apotheke.at\/katalog\/wp-json\/wp\/v2\/product_tag?post=14628"}],"curies":[{"name":"wp","href":"https:\/\/api.w.org\/{rel}","templated":true}]}}