{"id":14635,"date":"2025-11-25T15:53:06","date_gmt":"2025-11-25T14:53:06","guid":{"rendered":"https:\/\/www.hirtenberg-apotheke.at\/katalog\/produkt\/formoline-l112-extra-128-stk-tabletten\/"},"modified":"2025-11-25T15:53:12","modified_gmt":"2025-11-25T14:53:12","slug":"formoline-l112-extra-128-stk-tabletten","status":"publish","type":"product","link":"https:\/\/www.hirtenberg-apotheke.at\/katalog\/produkt\/formoline-l112-extra-128-stk-tabletten\/","title":{"rendered":"Formoline L112 Extra 128 Stk. Tabletten"},"content":{"rendered":"<p>Formoline L112 Extra enth\u00e4lt 75% mehr Wirkstoff f\u00fcr Personen \u00fcber 75 kg. Es enth\u00e4lt Lipidbinder zur Unterst\u00fctzung der Gewichtskontrolle, Verminderung der Cholesterinaufnahme aus der Nahrung sowie der Behandlung von \u00dcbergewicht.<\/p>\n","protected":false},"excerpt":{"rendered":"<p>Formoline L112 Extra enth\u00e4lt 75% mehr Wirkstoff f\u00fcr Personen \u00fcber 75 kg. Es enth\u00e4lt Lipidbinder zur Unterst\u00fctzung der Gewichtskontrolle, Verminderung der Cholesterinaufnahme aus der Nahrung sowie der Behandlung von \u00dcbergewicht.<\/p>\n","protected":false},"featured_media":0,"template":"","meta":{"_acf_changed":false},"product_brand":[608],"product_cat":[322],"product_tag":[],"class_list":{"0":"post-14635","1":"product","2":"type-product","3":"status-publish","5":"product_brand-formoline","6":"product_cat-f","7":"pa_packungsgroesse-128-stueck","9":"first","10":"instock","11":"shipping-taxable","12":"purchasable","13":"product-type-simple"},"acf":[],"_links":{"self":[{"href":"https:\/\/www.hirtenberg-apotheke.at\/katalog\/wp-json\/wp\/v2\/product\/14635","targetHints":{"allow":["GET"]}}],"collection":[{"href":"https:\/\/www.hirtenberg-apotheke.at\/katalog\/wp-json\/wp\/v2\/product"}],"about":[{"href":"https:\/\/www.hirtenberg-apotheke.at\/katalog\/wp-json\/wp\/v2\/types\/product"}],"wp:attachment":[{"href":"https:\/\/www.hirtenberg-apotheke.at\/katalog\/wp-json\/wp\/v2\/media?parent=14635"}],"wp:term":[{"taxonomy":"product_brand","embeddable":true,"href":"https:\/\/www.hirtenberg-apotheke.at\/katalog\/wp-json\/wp\/v2\/product_brand?post=14635"},{"taxonomy":"product_cat","embeddable":true,"href":"https:\/\/www.hirtenberg-apotheke.at\/katalog\/wp-json\/wp\/v2\/product_cat?post=14635"},{"taxonomy":"product_tag","embeddable":true,"href":"https:\/\/www.hirtenberg-apotheke.at\/katalog\/wp-json\/wp\/v2\/product_tag?post=14635"}],"curies":[{"name":"wp","href":"https:\/\/api.w.org\/{rel}","templated":true}]}}