{"id":14648,"date":"2025-11-25T15:53:06","date_gmt":"2025-11-25T14:53:06","guid":{"rendered":"https:\/\/www.hirtenberg-apotheke.at\/katalog\/produkt\/evavita-tabletten-activeburner-120-stk\/"},"modified":"2025-11-25T15:53:19","modified_gmt":"2025-11-25T14:53:19","slug":"evavita-tabletten-activeburner-120-stk","status":"publish","type":"product","link":"https:\/\/www.hirtenberg-apotheke.at\/katalog\/produkt\/evavita-tabletten-activeburner-120-stk\/","title":{"rendered":"Evavita Tabletten Activeburner 120 Stk."},"content":{"rendered":"<p>Evavita Activeburner Tabletten bestehen aus einem einzigartigen Aminos\u00e4ure-Komplex, sowie wichtigen Vitaminen und Mineralstoffen, die den Abbau von Fettdepots unterst\u00fctzen. Das Hungergef\u00fchl wird merklich gemindert und die k\u00f6rpereigene Fettverbrennung wird, vor allem in der Nacht, gef\u00f6rdert.<\/p>\n","protected":false},"excerpt":{"rendered":"<p>Evavita Activeburner Tabletten bestehen aus einem einzigartigen Aminos\u00e4ure-Komplex, sowie wichtigen Vitaminen und Mineralstoffen, die den Abbau von Fettdepots unterst\u00fctzen. Das Hungergef\u00fchl wird merklich gemindert und die k\u00f6rpereigene Fettverbrennung wird, vor allem in der Nacht, gef\u00f6rdert.<\/p>\n","protected":false},"featured_media":14650,"template":"","meta":{"_acf_changed":false},"product_brand":[],"product_cat":[307],"product_tag":[],"class_list":{"0":"post-14648","1":"product","2":"type-product","3":"status-publish","4":"has-post-thumbnail","6":"product_cat-e","7":"pa_packungsgroesse-120-stueck","9":"first","10":"instock","11":"shipping-taxable","12":"purchasable","13":"product-type-simple"},"acf":[],"_links":{"self":[{"href":"https:\/\/www.hirtenberg-apotheke.at\/katalog\/wp-json\/wp\/v2\/product\/14648","targetHints":{"allow":["GET"]}}],"collection":[{"href":"https:\/\/www.hirtenberg-apotheke.at\/katalog\/wp-json\/wp\/v2\/product"}],"about":[{"href":"https:\/\/www.hirtenberg-apotheke.at\/katalog\/wp-json\/wp\/v2\/types\/product"}],"wp:featuredmedia":[{"embeddable":true,"href":"https:\/\/www.hirtenberg-apotheke.at\/katalog\/wp-json\/wp\/v2\/media\/14650"}],"wp:attachment":[{"href":"https:\/\/www.hirtenberg-apotheke.at\/katalog\/wp-json\/wp\/v2\/media?parent=14648"}],"wp:term":[{"taxonomy":"product_brand","embeddable":true,"href":"https:\/\/www.hirtenberg-apotheke.at\/katalog\/wp-json\/wp\/v2\/product_brand?post=14648"},{"taxonomy":"product_cat","embeddable":true,"href":"https:\/\/www.hirtenberg-apotheke.at\/katalog\/wp-json\/wp\/v2\/product_cat?post=14648"},{"taxonomy":"product_tag","embeddable":true,"href":"https:\/\/www.hirtenberg-apotheke.at\/katalog\/wp-json\/wp\/v2\/product_tag?post=14648"}],"curies":[{"name":"wp","href":"https:\/\/api.w.org\/{rel}","templated":true}]}}