{"id":14651,"date":"2025-11-25T15:53:19","date_gmt":"2025-11-25T14:53:19","guid":{"rendered":"https:\/\/www.hirtenberg-apotheke.at\/katalog\/produkt\/formoline-eiweiss-diaet-pulver-1-stk\/"},"modified":"2025-11-25T15:53:20","modified_gmt":"2025-11-25T14:53:20","slug":"formoline-eiweiss-diaet-pulver-1-stk","status":"publish","type":"product","link":"https:\/\/www.hirtenberg-apotheke.at\/katalog\/produkt\/formoline-eiweiss-diaet-pulver-1-stk\/","title":{"rendered":"Formoline Eiwei\u00df-Di\u00e4t Pulver 1 Stk."},"content":{"rendered":"<p>Formoline\u00ae Eiwei\u00df-Di\u00e4t Pulver ist ein di\u00e4tetisches Lebensmittel zur Zubereitung von Mahlzeiten f\u00fcr eine gewichtskontrollierende Ern\u00e4hrung. Die Formoline Eiwei\u00df-Di\u00e4t h\u00e4lt so ihre Muskeln fit und unterst\u00fctzt sie bei der Gewichtsreduktion.<\/p>\n","protected":false},"excerpt":{"rendered":"<p>Formoline\u00ae Eiwei\u00df-Di\u00e4t Pulver ist ein di\u00e4tetisches Lebensmittel zur Zubereitung von Mahlzeiten f\u00fcr eine gewichtskontrollierende Ern\u00e4hrung. Die Formoline Eiwei\u00df-Di\u00e4t h\u00e4lt so ihre Muskeln fit und unterst\u00fctzt sie bei der Gewichtsreduktion.<\/p>\n","protected":false},"featured_media":0,"template":"","meta":{"_acf_changed":false},"product_brand":[608],"product_cat":[322],"product_tag":[],"class_list":{"0":"post-14651","1":"product","2":"type-product","3":"status-publish","5":"product_brand-formoline","6":"product_cat-f","7":"pa_packungsgroesse-480g","9":"first","10":"instock","11":"shipping-taxable","12":"purchasable","13":"product-type-simple"},"acf":[],"_links":{"self":[{"href":"https:\/\/www.hirtenberg-apotheke.at\/katalog\/wp-json\/wp\/v2\/product\/14651","targetHints":{"allow":["GET"]}}],"collection":[{"href":"https:\/\/www.hirtenberg-apotheke.at\/katalog\/wp-json\/wp\/v2\/product"}],"about":[{"href":"https:\/\/www.hirtenberg-apotheke.at\/katalog\/wp-json\/wp\/v2\/types\/product"}],"wp:attachment":[{"href":"https:\/\/www.hirtenberg-apotheke.at\/katalog\/wp-json\/wp\/v2\/media?parent=14651"}],"wp:term":[{"taxonomy":"product_brand","embeddable":true,"href":"https:\/\/www.hirtenberg-apotheke.at\/katalog\/wp-json\/wp\/v2\/product_brand?post=14651"},{"taxonomy":"product_cat","embeddable":true,"href":"https:\/\/www.hirtenberg-apotheke.at\/katalog\/wp-json\/wp\/v2\/product_cat?post=14651"},{"taxonomy":"product_tag","embeddable":true,"href":"https:\/\/www.hirtenberg-apotheke.at\/katalog\/wp-json\/wp\/v2\/product_tag?post=14651"}],"curies":[{"name":"wp","href":"https:\/\/api.w.org\/{rel}","templated":true}]}}