{"id":14653,"date":"2025-11-25T15:53:19","date_gmt":"2025-11-25T14:53:19","guid":{"rendered":"https:\/\/www.hirtenberg-apotheke.at\/katalog\/produkt\/hafesan-triozym-kautabletten-90-stk\/"},"modified":"2025-11-25T15:53:22","modified_gmt":"2025-11-25T14:53:22","slug":"hafesan-triozym-kautabletten-90-stk","status":"publish","type":"product","link":"https:\/\/www.hirtenberg-apotheke.at\/katalog\/produkt\/hafesan-triozym-kautabletten-90-stk\/","title":{"rendered":"Hafesan Triozym Kautabletten 90 Stk."},"content":{"rendered":"<p>Hafesan\u00ae Triozym Kautabletten st\u00e4rken die Darmflora, erh\u00f6hen das Stuhlvolumen und die Stuhlfrequenz,regen den Stoffwechsel an, f\u00f6rdern die Verdauung und k\u00f6nnen daher die Di\u00e4ten wesentlich erleichtern.<\/p>\n","protected":false},"excerpt":{"rendered":"<p>Hafesan\u00ae Triozym Kautabletten st\u00e4rken die Darmflora, erh\u00f6hen das Stuhlvolumen und die Stuhlfrequenz,regen den Stoffwechsel an, f\u00f6rdern die Verdauung und k\u00f6nnen daher die Di\u00e4ten wesentlich erleichtern.<\/p>\n","protected":false},"featured_media":0,"template":"","meta":{"_acf_changed":false},"product_brand":[329],"product_cat":[330],"product_tag":[],"class_list":{"0":"post-14653","1":"product","2":"type-product","3":"status-publish","5":"product_brand-hafesan","6":"product_cat-h","7":"pa_packungsgroesse-90-stueck","9":"first","10":"instock","11":"shipping-taxable","12":"purchasable","13":"product-type-simple"},"acf":[],"_links":{"self":[{"href":"https:\/\/www.hirtenberg-apotheke.at\/katalog\/wp-json\/wp\/v2\/product\/14653","targetHints":{"allow":["GET"]}}],"collection":[{"href":"https:\/\/www.hirtenberg-apotheke.at\/katalog\/wp-json\/wp\/v2\/product"}],"about":[{"href":"https:\/\/www.hirtenberg-apotheke.at\/katalog\/wp-json\/wp\/v2\/types\/product"}],"wp:attachment":[{"href":"https:\/\/www.hirtenberg-apotheke.at\/katalog\/wp-json\/wp\/v2\/media?parent=14653"}],"wp:term":[{"taxonomy":"product_brand","embeddable":true,"href":"https:\/\/www.hirtenberg-apotheke.at\/katalog\/wp-json\/wp\/v2\/product_brand?post=14653"},{"taxonomy":"product_cat","embeddable":true,"href":"https:\/\/www.hirtenberg-apotheke.at\/katalog\/wp-json\/wp\/v2\/product_cat?post=14653"},{"taxonomy":"product_tag","embeddable":true,"href":"https:\/\/www.hirtenberg-apotheke.at\/katalog\/wp-json\/wp\/v2\/product_tag?post=14653"}],"curies":[{"name":"wp","href":"https:\/\/api.w.org\/{rel}","templated":true}]}}