{"id":14658,"date":"2025-11-25T15:53:19","date_gmt":"2025-11-25T14:53:19","guid":{"rendered":"https:\/\/www.hirtenberg-apotheke.at\/katalog\/produkt\/hafesan-brennessel-250-mg-kapseln-75-stk\/"},"modified":"2025-11-25T15:53:24","modified_gmt":"2025-11-25T14:53:24","slug":"hafesan-brennessel-250-mg-kapseln-75-stk","status":"publish","type":"product","link":"https:\/\/www.hirtenberg-apotheke.at\/katalog\/produkt\/hafesan-brennessel-250-mg-kapseln-75-stk\/","title":{"rendered":"Hafesan Brennessel 250 mg Kapseln 75 Stk."},"content":{"rendered":"<p>Nat\u00fcrliche reinigung von innen.Von den Inhaltsstoffen ist die Ameisens\u00e4ure am bekanntesten. Die Wirkung von Brennessel beruht vor allem darauf, dass Schlackenstoffe aus dem K\u00f6rper ausgeschwemmt werden.<\/p>\n","protected":false},"excerpt":{"rendered":"<p>Nat\u00fcrliche reinigung von innen.Von den Inhaltsstoffen ist die Ameisens\u00e4ure am bekanntesten. Die Wirkung von Brennessel beruht vor allem darauf, dass Schlackenstoffe aus dem K\u00f6rper ausgeschwemmt werden.<\/p>\n","protected":false},"featured_media":0,"template":"","meta":{"_acf_changed":false},"product_brand":[329],"product_cat":[330],"product_tag":[],"class_list":{"0":"post-14658","1":"product","2":"type-product","3":"status-publish","5":"product_brand-hafesan","6":"product_cat-h","7":"pa_packungsgroesse-75-stueck","9":"first","10":"instock","11":"shipping-taxable","12":"purchasable","13":"product-type-simple"},"acf":[],"_links":{"self":[{"href":"https:\/\/www.hirtenberg-apotheke.at\/katalog\/wp-json\/wp\/v2\/product\/14658","targetHints":{"allow":["GET"]}}],"collection":[{"href":"https:\/\/www.hirtenberg-apotheke.at\/katalog\/wp-json\/wp\/v2\/product"}],"about":[{"href":"https:\/\/www.hirtenberg-apotheke.at\/katalog\/wp-json\/wp\/v2\/types\/product"}],"wp:attachment":[{"href":"https:\/\/www.hirtenberg-apotheke.at\/katalog\/wp-json\/wp\/v2\/media?parent=14658"}],"wp:term":[{"taxonomy":"product_brand","embeddable":true,"href":"https:\/\/www.hirtenberg-apotheke.at\/katalog\/wp-json\/wp\/v2\/product_brand?post=14658"},{"taxonomy":"product_cat","embeddable":true,"href":"https:\/\/www.hirtenberg-apotheke.at\/katalog\/wp-json\/wp\/v2\/product_cat?post=14658"},{"taxonomy":"product_tag","embeddable":true,"href":"https:\/\/www.hirtenberg-apotheke.at\/katalog\/wp-json\/wp\/v2\/product_tag?post=14658"}],"curies":[{"name":"wp","href":"https:\/\/api.w.org\/{rel}","templated":true}]}}