{"id":14670,"date":"2025-11-25T15:53:19","date_gmt":"2025-11-25T14:53:19","guid":{"rendered":"https:\/\/www.hirtenberg-apotheke.at\/katalog\/produkt\/balancia-vitalmahlzeit-pulver-1-stk-500-g\/"},"modified":"2025-11-25T15:53:32","modified_gmt":"2025-11-25T14:53:32","slug":"balancia-vitalmahlzeit-pulver-1-stk-500-g","status":"publish","type":"product","link":"https:\/\/www.hirtenberg-apotheke.at\/katalog\/produkt\/balancia-vitalmahlzeit-pulver-1-stk-500-g\/","title":{"rendered":"Balancia Vitalmahlzeit Pulver 1 Stk. 500 g"},"content":{"rendered":"<p>Balancia beinhaltet ein besonderes, innovatives Kohlenhydrat f\u00fcr starke Anforderungen  das Balancia Plus. Es ist ein wesentlicher Bestandteil der einzigartigen Balancia Vitalmahlzeit, die zus\u00e4tzlich biologisch sehr hochwertiges Sojaprotein, wertvolle Ballaststoffe, Vitamine, Mineralstoffe sowie Spurenelemente beinhaltet. Diese einzigartige Rezeptur macht Balancia zu einer au\u00dfergew\u00f6hnlich effektiven Vitalmahlzeit f\u00fcr beste Abnehm-Erfolge<\/p>\n","protected":false},"excerpt":{"rendered":"<p>Balancia beinhaltet ein besonderes, innovatives Kohlenhydrat f\u00fcr starke Anforderungen das Balancia Plus. Es ist ein wesentlicher Bestandteil der einzigartigen Balancia Vitalmahlzeit, die zus\u00e4tzlich biologisch sehr hochwertiges Sojaprotein, wertvolle Ballaststoffe, Vitamine, Mineralstoffe sowie Spurenelemente beinhaltet. Diese einzigartige Rezeptur macht Balancia zu einer au\u00dfergew\u00f6hnlich effektiven Vitalmahlzeit f\u00fcr beste Abnehm-Erfolge<\/p>\n","protected":false},"featured_media":14672,"template":"","meta":{"_acf_changed":false},"product_brand":[],"product_cat":[292],"product_tag":[],"class_list":{"0":"post-14670","1":"product","2":"type-product","3":"status-publish","4":"has-post-thumbnail","6":"product_cat-b","7":"pa_packungsgroesse-500g","9":"first","10":"instock","11":"shipping-taxable","12":"purchasable","13":"product-type-simple"},"acf":[],"_links":{"self":[{"href":"https:\/\/www.hirtenberg-apotheke.at\/katalog\/wp-json\/wp\/v2\/product\/14670","targetHints":{"allow":["GET"]}}],"collection":[{"href":"https:\/\/www.hirtenberg-apotheke.at\/katalog\/wp-json\/wp\/v2\/product"}],"about":[{"href":"https:\/\/www.hirtenberg-apotheke.at\/katalog\/wp-json\/wp\/v2\/types\/product"}],"wp:featuredmedia":[{"embeddable":true,"href":"https:\/\/www.hirtenberg-apotheke.at\/katalog\/wp-json\/wp\/v2\/media\/14672"}],"wp:attachment":[{"href":"https:\/\/www.hirtenberg-apotheke.at\/katalog\/wp-json\/wp\/v2\/media?parent=14670"}],"wp:term":[{"taxonomy":"product_brand","embeddable":true,"href":"https:\/\/www.hirtenberg-apotheke.at\/katalog\/wp-json\/wp\/v2\/product_brand?post=14670"},{"taxonomy":"product_cat","embeddable":true,"href":"https:\/\/www.hirtenberg-apotheke.at\/katalog\/wp-json\/wp\/v2\/product_cat?post=14670"},{"taxonomy":"product_tag","embeddable":true,"href":"https:\/\/www.hirtenberg-apotheke.at\/katalog\/wp-json\/wp\/v2\/product_tag?post=14670"}],"curies":[{"name":"wp","href":"https:\/\/api.w.org\/{rel}","templated":true}]}}