{"id":14706,"date":"2025-11-25T15:53:35","date_gmt":"2025-11-25T14:53:35","guid":{"rendered":"https:\/\/www.hirtenberg-apotheke.at\/katalog\/produkt\/garcinia-cambogia-400mg-kapseln\/"},"modified":"2025-11-25T15:54:39","modified_gmt":"2025-11-25T14:54:39","slug":"garcinia-cambogia-400mg-kapseln","status":"publish","type":"product","link":"https:\/\/www.hirtenberg-apotheke.at\/katalog\/produkt\/garcinia-cambogia-400mg-kapseln\/","title":{"rendered":"Garcinia Cambogia 400mg Kapseln"},"content":{"rendered":"<p>Gall Pharma Garcinia Cambogia 400 mg Kapseln 60 Stk. enthalten 400 mg Garcinia cambogia Fruchtextrakt in einer Hartgelatinekapsel. Garcinia cambogia unterst\u00fctzt die Gewichtsreduktion w\u00e4hrend einer Di\u00e4t und verhindert den Jo-Jo-Effekt nach einer Di\u00e4t. Zudem kann es die Muskelmasse erh\u00f6hen und die Energieversorgung beim Sport verbessern .<\/p>\n","protected":false},"excerpt":{"rendered":"<p>Gall Pharma Garcinia Cambogia 400 mg Kapseln 60 Stk. enthalten 400 mg Garcinia cambogia Fruchtextrakt in einer Hartgelatinekapsel. Garcinia cambogia unterst\u00fctzt die Gewichtsreduktion w\u00e4hrend einer Di\u00e4t und verhindert den Jo-Jo-Effekt nach einer Di\u00e4t. Zudem kann es die Muskelmasse erh\u00f6hen und die Energieversorgung beim Sport verbessern .<\/p>\n","protected":false},"featured_media":0,"template":"","meta":{"_acf_changed":false},"product_brand":[316],"product_cat":[328],"product_tag":[],"class_list":{"0":"post-14706","1":"product","2":"type-product","3":"status-publish","5":"product_brand-gall-pharma","6":"product_cat-g","7":"pa_packungsgroesse-60-stueck","8":"pa_packungsgroesse-120-stueck","10":"first","11":"instock","12":"shipping-taxable","13":"purchasable","14":"product-type-simple"},"acf":[],"_links":{"self":[{"href":"https:\/\/www.hirtenberg-apotheke.at\/katalog\/wp-json\/wp\/v2\/product\/14706","targetHints":{"allow":["GET"]}}],"collection":[{"href":"https:\/\/www.hirtenberg-apotheke.at\/katalog\/wp-json\/wp\/v2\/product"}],"about":[{"href":"https:\/\/www.hirtenberg-apotheke.at\/katalog\/wp-json\/wp\/v2\/types\/product"}],"wp:attachment":[{"href":"https:\/\/www.hirtenberg-apotheke.at\/katalog\/wp-json\/wp\/v2\/media?parent=14706"}],"wp:term":[{"taxonomy":"product_brand","embeddable":true,"href":"https:\/\/www.hirtenberg-apotheke.at\/katalog\/wp-json\/wp\/v2\/product_brand?post=14706"},{"taxonomy":"product_cat","embeddable":true,"href":"https:\/\/www.hirtenberg-apotheke.at\/katalog\/wp-json\/wp\/v2\/product_cat?post=14706"},{"taxonomy":"product_tag","embeddable":true,"href":"https:\/\/www.hirtenberg-apotheke.at\/katalog\/wp-json\/wp\/v2\/product_tag?post=14706"}],"curies":[{"name":"wp","href":"https:\/\/api.w.org\/{rel}","templated":true}]}}