{"id":14720,"date":"2025-11-25T15:53:35","date_gmt":"2025-11-25T14:53:35","guid":{"rendered":"https:\/\/www.hirtenberg-apotheke.at\/katalog\/produkt\/hafesan-mate-kapseln-75-stk\/"},"modified":"2025-11-25T15:54:11","modified_gmt":"2025-11-25T14:54:11","slug":"hafesan-mate-kapseln-75-stk","status":"publish","type":"product","link":"https:\/\/www.hirtenberg-apotheke.at\/katalog\/produkt\/hafesan-mate-kapseln-75-stk\/","title":{"rendered":"Hafesan Mat\u00e8 Kapseln 75 Stk."},"content":{"rendered":"<p>Hafesan\u00ae Mat\u00e8 Kapseln k\u00f6nnen zur Verbesserung der Vitalit\u00e4t und der Energie beitragen. Sie vermindern das Hungergef\u00fchl und eignen sich dadurch auch optimal f\u00fcr Di\u00e4ten.<\/p>\n","protected":false},"excerpt":{"rendered":"<p>Hafesan\u00ae Mat\u00e8 Kapseln k\u00f6nnen zur Verbesserung der Vitalit\u00e4t und der Energie beitragen. Sie vermindern das Hungergef\u00fchl und eignen sich dadurch auch optimal f\u00fcr Di\u00e4ten.<\/p>\n","protected":false},"featured_media":0,"template":"","meta":{"_acf_changed":false},"product_brand":[329],"product_cat":[330],"product_tag":[],"class_list":{"0":"post-14720","1":"product","2":"type-product","3":"status-publish","5":"product_brand-hafesan","6":"product_cat-h","7":"pa_packungsgroesse-75-stueck","9":"first","10":"instock","11":"shipping-taxable","12":"purchasable","13":"product-type-simple"},"acf":[],"_links":{"self":[{"href":"https:\/\/www.hirtenberg-apotheke.at\/katalog\/wp-json\/wp\/v2\/product\/14720","targetHints":{"allow":["GET"]}}],"collection":[{"href":"https:\/\/www.hirtenberg-apotheke.at\/katalog\/wp-json\/wp\/v2\/product"}],"about":[{"href":"https:\/\/www.hirtenberg-apotheke.at\/katalog\/wp-json\/wp\/v2\/types\/product"}],"wp:attachment":[{"href":"https:\/\/www.hirtenberg-apotheke.at\/katalog\/wp-json\/wp\/v2\/media?parent=14720"}],"wp:term":[{"taxonomy":"product_brand","embeddable":true,"href":"https:\/\/www.hirtenberg-apotheke.at\/katalog\/wp-json\/wp\/v2\/product_brand?post=14720"},{"taxonomy":"product_cat","embeddable":true,"href":"https:\/\/www.hirtenberg-apotheke.at\/katalog\/wp-json\/wp\/v2\/product_cat?post=14720"},{"taxonomy":"product_tag","embeddable":true,"href":"https:\/\/www.hirtenberg-apotheke.at\/katalog\/wp-json\/wp\/v2\/product_tag?post=14720"}],"curies":[{"name":"wp","href":"https:\/\/api.w.org\/{rel}","templated":true}]}}