{"id":14722,"date":"2025-11-25T15:54:10","date_gmt":"2025-11-25T14:54:10","guid":{"rendered":"https:\/\/www.hirtenberg-apotheke.at\/katalog\/produkt\/gruenkaffee-300-mg-extrakt-kapseln-60-stk\/"},"modified":"2025-11-25T15:54:14","modified_gmt":"2025-11-25T14:54:14","slug":"gruenkaffee-300-mg-extrakt-kapseln-60-stk","status":"publish","type":"product","link":"https:\/\/www.hirtenberg-apotheke.at\/katalog\/produkt\/gruenkaffee-300-mg-extrakt-kapseln-60-stk\/","title":{"rendered":"Gr\u00fcnkaffee 300 mg Extrakt Kapseln 60 Stk."},"content":{"rendered":"<p>Gr\u00fcnkaffee 300 mg Extrakt Kapseln eignen sich f\u00fcr Alle, die ihr Idealgewicht noch nicht ganz gefunden haben und auf eine Normalisierung ihres K\u00f6rpergewichts hinarbeiten m\u00f6chten. Besonders Personen mit chronischen Erkrankungen wie Bluthochdruck oder Diabetes k\u00f6nnen von einer Verringerung \u00fcberm\u00e4\u00dfigen K\u00f6rpergewichts gesundheitlich profitieren.<\/p>\n","protected":false},"excerpt":{"rendered":"<p>Gr\u00fcnkaffee 300 mg Extrakt Kapseln eignen sich f\u00fcr Alle, die ihr Idealgewicht noch nicht ganz gefunden haben und auf eine Normalisierung ihres K\u00f6rpergewichts hinarbeiten m\u00f6chten. Besonders Personen mit chronischen Erkrankungen wie Bluthochdruck oder Diabetes k\u00f6nnen von einer Verringerung \u00fcberm\u00e4\u00dfigen K\u00f6rpergewichts gesundheitlich profitieren.<\/p>\n","protected":false},"featured_media":14724,"template":"","meta":{"_acf_changed":false},"product_brand":[],"product_cat":[328],"product_tag":[],"class_list":{"0":"post-14722","1":"product","2":"type-product","3":"status-publish","4":"has-post-thumbnail","6":"product_cat-g","7":"pa_packungsgroesse-60-stueck","9":"first","10":"instock","11":"shipping-taxable","12":"purchasable","13":"product-type-simple"},"acf":[],"_links":{"self":[{"href":"https:\/\/www.hirtenberg-apotheke.at\/katalog\/wp-json\/wp\/v2\/product\/14722","targetHints":{"allow":["GET"]}}],"collection":[{"href":"https:\/\/www.hirtenberg-apotheke.at\/katalog\/wp-json\/wp\/v2\/product"}],"about":[{"href":"https:\/\/www.hirtenberg-apotheke.at\/katalog\/wp-json\/wp\/v2\/types\/product"}],"wp:featuredmedia":[{"embeddable":true,"href":"https:\/\/www.hirtenberg-apotheke.at\/katalog\/wp-json\/wp\/v2\/media\/14724"}],"wp:attachment":[{"href":"https:\/\/www.hirtenberg-apotheke.at\/katalog\/wp-json\/wp\/v2\/media?parent=14722"}],"wp:term":[{"taxonomy":"product_brand","embeddable":true,"href":"https:\/\/www.hirtenberg-apotheke.at\/katalog\/wp-json\/wp\/v2\/product_brand?post=14722"},{"taxonomy":"product_cat","embeddable":true,"href":"https:\/\/www.hirtenberg-apotheke.at\/katalog\/wp-json\/wp\/v2\/product_cat?post=14722"},{"taxonomy":"product_tag","embeddable":true,"href":"https:\/\/www.hirtenberg-apotheke.at\/katalog\/wp-json\/wp\/v2\/product_tag?post=14722"}],"curies":[{"name":"wp","href":"https:\/\/api.w.org\/{rel}","templated":true}]}}