{"id":14738,"date":"2025-11-25T15:54:10","date_gmt":"2025-11-25T14:54:10","guid":{"rendered":"https:\/\/www.hirtenberg-apotheke.at\/katalog\/produkt\/l-methionin-500mg-kapseln\/"},"modified":"2025-11-25T15:54:24","modified_gmt":"2025-11-25T14:54:24","slug":"l-methionin-500mg-kapseln","status":"publish","type":"product","link":"https:\/\/www.hirtenberg-apotheke.at\/katalog\/produkt\/l-methionin-500mg-kapseln\/","title":{"rendered":"L &#8211; Methionin 500mg Kapseln"},"content":{"rendered":"<p>Gall Pharma L-Methionin 500 mg Kapseln 60 Stk. enthalten 500 mg L-Methionin in einer Hartgelatinekapsel. L-Methionin ist Ausgangspunkt f\u00fcr jeglichen Eiwei\u00dfaufbau. Besondere Bedeutung hat sie au\u00dferdem f\u00fcr den Fettstoffwechsel, da sie der Einlagerung von Fetten in die Blutgef\u00e4\u00dfe und in die Leber entgegenwirkt &#8211; Wir bieten Ihnen das Sortiment einer Standortapotheke, direkt zu Ihnen nach Hause geliefert!<\/p>\n","protected":false},"excerpt":{"rendered":"<p>Gall Pharma L-Methionin 500 mg Kapseln 60 Stk. enthalten 500 mg L-Methionin in einer Hartgelatinekapsel. L-Methionin ist Ausgangspunkt f\u00fcr jeglichen Eiwei\u00dfaufbau. Besondere Bedeutung hat sie au\u00dferdem f\u00fcr den Fettstoffwechsel, da sie der Einlagerung von Fetten in die Blutgef\u00e4\u00dfe und in die Leber entgegenwirkt &#8211; Wir bieten Ihnen das Sortiment einer Standortapotheke, direkt zu Ihnen nach [&hellip;]<\/p>\n","protected":false},"featured_media":14740,"template":"","meta":{"_acf_changed":false},"product_brand":[316],"product_cat":[317],"product_tag":[],"class_list":{"0":"post-14738","1":"product","2":"type-product","3":"status-publish","4":"has-post-thumbnail","6":"product_brand-gall-pharma","7":"product_cat-l","8":"pa_packungsgroesse-60-stueck","10":"first","11":"instock","12":"shipping-taxable","13":"purchasable","14":"product-type-simple"},"acf":[],"_links":{"self":[{"href":"https:\/\/www.hirtenberg-apotheke.at\/katalog\/wp-json\/wp\/v2\/product\/14738","targetHints":{"allow":["GET"]}}],"collection":[{"href":"https:\/\/www.hirtenberg-apotheke.at\/katalog\/wp-json\/wp\/v2\/product"}],"about":[{"href":"https:\/\/www.hirtenberg-apotheke.at\/katalog\/wp-json\/wp\/v2\/types\/product"}],"wp:featuredmedia":[{"embeddable":true,"href":"https:\/\/www.hirtenberg-apotheke.at\/katalog\/wp-json\/wp\/v2\/media\/14740"}],"wp:attachment":[{"href":"https:\/\/www.hirtenberg-apotheke.at\/katalog\/wp-json\/wp\/v2\/media?parent=14738"}],"wp:term":[{"taxonomy":"product_brand","embeddable":true,"href":"https:\/\/www.hirtenberg-apotheke.at\/katalog\/wp-json\/wp\/v2\/product_brand?post=14738"},{"taxonomy":"product_cat","embeddable":true,"href":"https:\/\/www.hirtenberg-apotheke.at\/katalog\/wp-json\/wp\/v2\/product_cat?post=14738"},{"taxonomy":"product_tag","embeddable":true,"href":"https:\/\/www.hirtenberg-apotheke.at\/katalog\/wp-json\/wp\/v2\/product_tag?post=14738"}],"curies":[{"name":"wp","href":"https:\/\/api.w.org\/{rel}","templated":true}]}}