{"id":14752,"date":"2025-11-25T15:54:10","date_gmt":"2025-11-25T14:54:10","guid":{"rendered":"https:\/\/www.hirtenberg-apotheke.at\/katalog\/produkt\/dr-grubers-chrom-chelat-tabletten\/"},"modified":"2025-11-25T15:54:34","modified_gmt":"2025-11-25T14:54:34","slug":"dr-grubers-chrom-chelat-tabletten","status":"publish","type":"product","link":"https:\/\/www.hirtenberg-apotheke.at\/katalog\/produkt\/dr-grubers-chrom-chelat-tabletten\/","title":{"rendered":"Dr. Grubers Chrom Chelat Tabletten"},"content":{"rendered":"<p>Dasessentielle Spurenelement Chrom tr\u00e4gt zu einem normalen Stoffwechsel vonMakron\u00e4hrstoffen bei, ist als Glukosetoleranzfaktor (Insulin) f\u00fcr dieAufrechterhaltung eines normalen Blutzuckerspiegels unerl\u00e4sslich und spielteine wichtige Rolle im Cholesterinstoffwechsel<\/p>\n","protected":false},"excerpt":{"rendered":"<p>Dasessentielle Spurenelement Chrom tr\u00e4gt zu einem normalen Stoffwechsel vonMakron\u00e4hrstoffen bei, ist als Glukosetoleranzfaktor (Insulin) f\u00fcr dieAufrechterhaltung eines normalen Blutzuckerspiegels unerl\u00e4sslich und spielteine wichtige Rolle im Cholesterinstoffwechsel<\/p>\n","protected":false},"featured_media":0,"template":"","meta":{"_acf_changed":false},"product_brand":[],"product_cat":[295],"product_tag":[],"class_list":{"0":"post-14752","1":"product","2":"type-product","3":"status-publish","5":"product_cat-d","6":"pa_farbe-beige-weiss","7":"pa_geschmack-neutral","8":"pa_packungsgroesse-50-stueck","10":"first","11":"instock","12":"shipping-taxable","13":"purchasable","14":"product-type-simple"},"acf":[],"_links":{"self":[{"href":"https:\/\/www.hirtenberg-apotheke.at\/katalog\/wp-json\/wp\/v2\/product\/14752","targetHints":{"allow":["GET"]}}],"collection":[{"href":"https:\/\/www.hirtenberg-apotheke.at\/katalog\/wp-json\/wp\/v2\/product"}],"about":[{"href":"https:\/\/www.hirtenberg-apotheke.at\/katalog\/wp-json\/wp\/v2\/types\/product"}],"wp:attachment":[{"href":"https:\/\/www.hirtenberg-apotheke.at\/katalog\/wp-json\/wp\/v2\/media?parent=14752"}],"wp:term":[{"taxonomy":"product_brand","embeddable":true,"href":"https:\/\/www.hirtenberg-apotheke.at\/katalog\/wp-json\/wp\/v2\/product_brand?post=14752"},{"taxonomy":"product_cat","embeddable":true,"href":"https:\/\/www.hirtenberg-apotheke.at\/katalog\/wp-json\/wp\/v2\/product_cat?post=14752"},{"taxonomy":"product_tag","embeddable":true,"href":"https:\/\/www.hirtenberg-apotheke.at\/katalog\/wp-json\/wp\/v2\/product_tag?post=14752"}],"curies":[{"name":"wp","href":"https:\/\/api.w.org\/{rel}","templated":true}]}}