{"id":14774,"date":"2025-11-25T15:54:37","date_gmt":"2025-11-25T14:54:37","guid":{"rendered":"https:\/\/www.hirtenberg-apotheke.at\/katalog\/produkt\/the-nutri-store-l-carnitin-pulver-100-rein-125-g\/"},"modified":"2025-11-25T15:54:46","modified_gmt":"2025-11-25T14:54:46","slug":"the-nutri-store-l-carnitin-pulver-100-rein-125-g","status":"publish","type":"product","link":"https:\/\/www.hirtenberg-apotheke.at\/katalog\/produkt\/the-nutri-store-l-carnitin-pulver-100-rein-125-g\/","title":{"rendered":"The Nutri Store L-Carnitin Pulver 100 % rein 125 g"},"content":{"rendered":"<p>The Nutri Store L-Carnitin Pulver 100% rein &#8211; 100 % L-Carnitin Tartrat. Verzehrsempfehlung: Verzehren Sie t\u00e4glich 1 \u2013 2 g L-Carnitin Pulver. R\u00fchren Sie dazu das Pulver in Kaltspeisen, Joghurt oder Getr\u00e4nke ein. Ein gestrichener Teel\u00f6ffel entspricht ca. 2 g.<\/p>\n","protected":false},"excerpt":{"rendered":"<p>The Nutri Store L-Carnitin Pulver 100% rein &#8211; 100 % L-Carnitin Tartrat. Verzehrsempfehlung: Verzehren Sie t\u00e4glich 1 \u2013 2 g L-Carnitin Pulver. R\u00fchren Sie dazu das Pulver in Kaltspeisen, Joghurt oder Getr\u00e4nke ein. Ein gestrichener Teel\u00f6ffel entspricht ca. 2 g.<\/p>\n","protected":false},"featured_media":0,"template":"","meta":{"_acf_changed":false},"product_brand":[],"product_cat":[319],"product_tag":[],"class_list":{"0":"post-14774","1":"product","2":"type-product","3":"status-publish","5":"product_cat-t","6":"pa_packungsgroesse-150g","8":"first","9":"instock","10":"shipping-taxable","11":"purchasable","12":"product-type-simple"},"acf":[],"_links":{"self":[{"href":"https:\/\/www.hirtenberg-apotheke.at\/katalog\/wp-json\/wp\/v2\/product\/14774","targetHints":{"allow":["GET"]}}],"collection":[{"href":"https:\/\/www.hirtenberg-apotheke.at\/katalog\/wp-json\/wp\/v2\/product"}],"about":[{"href":"https:\/\/www.hirtenberg-apotheke.at\/katalog\/wp-json\/wp\/v2\/types\/product"}],"wp:attachment":[{"href":"https:\/\/www.hirtenberg-apotheke.at\/katalog\/wp-json\/wp\/v2\/media?parent=14774"}],"wp:term":[{"taxonomy":"product_brand","embeddable":true,"href":"https:\/\/www.hirtenberg-apotheke.at\/katalog\/wp-json\/wp\/v2\/product_brand?post=14774"},{"taxonomy":"product_cat","embeddable":true,"href":"https:\/\/www.hirtenberg-apotheke.at\/katalog\/wp-json\/wp\/v2\/product_cat?post=14774"},{"taxonomy":"product_tag","embeddable":true,"href":"https:\/\/www.hirtenberg-apotheke.at\/katalog\/wp-json\/wp\/v2\/product_tag?post=14774"}],"curies":[{"name":"wp","href":"https:\/\/api.w.org\/{rel}","templated":true}]}}