{"id":14808,"date":"2025-11-25T15:55:05","date_gmt":"2025-11-25T14:55:05","guid":{"rendered":"https:\/\/www.hirtenberg-apotheke.at\/katalog\/produkt\/l-cystein-500mg-kapseln\/"},"modified":"2025-11-25T15:59:42","modified_gmt":"2025-11-25T14:59:42","slug":"l-cystein-500mg-kapseln","status":"publish","type":"product","link":"https:\/\/www.hirtenberg-apotheke.at\/katalog\/produkt\/l-cystein-500mg-kapseln\/","title":{"rendered":"L &#8211; Cystein 500mg Kapseln"},"content":{"rendered":"<p>Gall Pharma L-Cystein 500 mg Kapseln 100 Stk. enthalten 500 mg L-Cystein in einer Hartgelatinekapsel. L-Cystein ist als starkes Antioxidans vielleicht die interessanteste Aminos\u00e4ure auf Grund ihrer Effektivit\u00e4t und des breiten Wirkungsspektrums: ihre hervorragende F\u00e4higkeit, sch\u00e4dliche Substanzen aus dem Organismus zu entfernen, eignet sich zum Vorbeugen und f\u00fcr Behandlungen. Sie entfernt Schwermetalle, sch\u00fctzt gegen die Wirkung des Rauches und des Alkohols, inaktiviert freie Radikale und sch\u00fctzt vor Strahlungen.<\/p>\n","protected":false},"excerpt":{"rendered":"<p>Gall Pharma L-Cystein 500 mg Kapseln 100 Stk. enthalten 500 mg L-Cystein in einer Hartgelatinekapsel. L-Cystein ist als starkes Antioxidans vielleicht die interessanteste Aminos\u00e4ure auf Grund ihrer Effektivit\u00e4t und des breiten Wirkungsspektrums: ihre hervorragende F\u00e4higkeit, sch\u00e4dliche Substanzen aus dem Organismus zu entfernen, eignet sich zum Vorbeugen und f\u00fcr Behandlungen. Sie entfernt Schwermetalle, sch\u00fctzt gegen die [&hellip;]<\/p>\n","protected":false},"featured_media":0,"template":"","meta":{"_acf_changed":false},"product_brand":[316],"product_cat":[317],"product_tag":[],"class_list":{"0":"post-14808","1":"product","2":"type-product","3":"status-publish","5":"product_brand-gall-pharma","6":"product_cat-l","7":"pa_packungsgroesse-60-stueck","8":"pa_packungsgroesse-100-stueck","10":"first","11":"instock","12":"shipping-taxable","13":"purchasable","14":"product-type-simple"},"acf":[],"_links":{"self":[{"href":"https:\/\/www.hirtenberg-apotheke.at\/katalog\/wp-json\/wp\/v2\/product\/14808","targetHints":{"allow":["GET"]}}],"collection":[{"href":"https:\/\/www.hirtenberg-apotheke.at\/katalog\/wp-json\/wp\/v2\/product"}],"about":[{"href":"https:\/\/www.hirtenberg-apotheke.at\/katalog\/wp-json\/wp\/v2\/types\/product"}],"wp:attachment":[{"href":"https:\/\/www.hirtenberg-apotheke.at\/katalog\/wp-json\/wp\/v2\/media?parent=14808"}],"wp:term":[{"taxonomy":"product_brand","embeddable":true,"href":"https:\/\/www.hirtenberg-apotheke.at\/katalog\/wp-json\/wp\/v2\/product_brand?post=14808"},{"taxonomy":"product_cat","embeddable":true,"href":"https:\/\/www.hirtenberg-apotheke.at\/katalog\/wp-json\/wp\/v2\/product_cat?post=14808"},{"taxonomy":"product_tag","embeddable":true,"href":"https:\/\/www.hirtenberg-apotheke.at\/katalog\/wp-json\/wp\/v2\/product_tag?post=14808"}],"curies":[{"name":"wp","href":"https:\/\/api.w.org\/{rel}","templated":true}]}}