{"id":14814,"date":"2025-11-25T15:55:05","date_gmt":"2025-11-25T14:55:05","guid":{"rendered":"https:\/\/www.hirtenberg-apotheke.at\/katalog\/produkt\/l-ornithin-400mg-kapseln\/"},"modified":"2025-11-25T15:55:10","modified_gmt":"2025-11-25T14:55:10","slug":"l-ornithin-400mg-kapseln","status":"publish","type":"product","link":"https:\/\/www.hirtenberg-apotheke.at\/katalog\/produkt\/l-ornithin-400mg-kapseln\/","title":{"rendered":"L &#8211; Ornithin 400mg Kapseln"},"content":{"rendered":"<p>Gall Pharma L-Ornithin 400 mg Kapseln f\u00f6rdern die Bildung von Wachstumshormonen und werden deshalb als Zusatz zu Sporttrainingsprogrammen und bei Schlankheitskuren genutzt. Au\u00dferdem werden sie f\u00fcr eine Wachstumsf\u00f6rderung bei schlecht entwickelten Kindern eingesetzt.<\/p>\n","protected":false},"excerpt":{"rendered":"<p>Gall Pharma L-Ornithin 400 mg Kapseln f\u00f6rdern die Bildung von Wachstumshormonen und werden deshalb als Zusatz zu Sporttrainingsprogrammen und bei Schlankheitskuren genutzt. Au\u00dferdem werden sie f\u00fcr eine Wachstumsf\u00f6rderung bei schlecht entwickelten Kindern eingesetzt.<\/p>\n","protected":false},"featured_media":0,"template":"","meta":{"_acf_changed":false},"product_brand":[316],"product_cat":[317],"product_tag":[],"class_list":{"0":"post-14814","1":"product","2":"type-product","3":"status-publish","5":"product_brand-gall-pharma","6":"product_cat-l","7":"pa_packungsgroesse-60-stueck","9":"first","10":"instock","11":"shipping-taxable","12":"purchasable","13":"product-type-simple"},"acf":[],"_links":{"self":[{"href":"https:\/\/www.hirtenberg-apotheke.at\/katalog\/wp-json\/wp\/v2\/product\/14814","targetHints":{"allow":["GET"]}}],"collection":[{"href":"https:\/\/www.hirtenberg-apotheke.at\/katalog\/wp-json\/wp\/v2\/product"}],"about":[{"href":"https:\/\/www.hirtenberg-apotheke.at\/katalog\/wp-json\/wp\/v2\/types\/product"}],"wp:attachment":[{"href":"https:\/\/www.hirtenberg-apotheke.at\/katalog\/wp-json\/wp\/v2\/media?parent=14814"}],"wp:term":[{"taxonomy":"product_brand","embeddable":true,"href":"https:\/\/www.hirtenberg-apotheke.at\/katalog\/wp-json\/wp\/v2\/product_brand?post=14814"},{"taxonomy":"product_cat","embeddable":true,"href":"https:\/\/www.hirtenberg-apotheke.at\/katalog\/wp-json\/wp\/v2\/product_cat?post=14814"},{"taxonomy":"product_tag","embeddable":true,"href":"https:\/\/www.hirtenberg-apotheke.at\/katalog\/wp-json\/wp\/v2\/product_tag?post=14814"}],"curies":[{"name":"wp","href":"https:\/\/api.w.org\/{rel}","templated":true}]}}