{"id":14869,"date":"2025-11-25T15:55:33","date_gmt":"2025-11-25T14:55:33","guid":{"rendered":"https:\/\/www.hirtenberg-apotheke.at\/katalog\/produkt\/kohlsuppen-kapseln-2\/"},"modified":"2025-11-25T15:55:42","modified_gmt":"2025-11-25T14:55:42","slug":"kohlsuppen-kapseln-2","status":"publish","type":"product","link":"https:\/\/www.hirtenberg-apotheke.at\/katalog\/produkt\/kohlsuppen-kapseln-2\/","title":{"rendered":"Kohlsuppen Kapseln"},"content":{"rendered":"<p>Gall Pharma Kohlsuppen Kapseln 120 Stk. beinhalten konzentrierte Gem\u00fcsepulver von Wei\u00dfkohl, Zwiebel, Sellerie und Tomaten sowie K\u00fcmmelpulver in einer Hartgelatinekapsel und k\u00f6nnen durch ihren hohen Vitamin-, Mineralstoff- und Ballaststoffgehalt und dabei geringen Kaloriengehalt einen Beitrag zur gesunden Ern\u00e4hrung leisten. Speziell das K\u00fcmmelpulver soll die teilweise bl\u00e4henden Eigenschaften des Wei\u00dfkohls und Zwiebels ausgleichen. Die Gem\u00fcsepulver werden durch schonende Verfahren gewonnen und beinhalten noch alle wertvollen Inhaltsstoffe, die sonst durch lange Kochzeiten unter Umst\u00e4nden verloren gehen \u2013 profitieren Sie von hohen Rabatten und dem gro\u00dfen Sortiment einer Standortapotheke!<\/p>\n","protected":false},"excerpt":{"rendered":"<p>Gall Pharma Kohlsuppen Kapseln 120 Stk. beinhalten konzentrierte Gem\u00fcsepulver von Wei\u00dfkohl, Zwiebel, Sellerie und Tomaten sowie K\u00fcmmelpulver in einer Hartgelatinekapsel und k\u00f6nnen durch ihren hohen Vitamin-, Mineralstoff- und Ballaststoffgehalt und dabei geringen Kaloriengehalt einen Beitrag zur gesunden Ern\u00e4hrung leisten. Speziell das K\u00fcmmelpulver soll die teilweise bl\u00e4henden Eigenschaften des Wei\u00dfkohls und Zwiebels ausgleichen. Die Gem\u00fcsepulver werden [&hellip;]<\/p>\n","protected":false},"featured_media":14871,"template":"","meta":{"_acf_changed":false},"product_brand":[316],"product_cat":[387],"product_tag":[],"class_list":{"0":"post-14869","1":"product","2":"type-product","3":"status-publish","4":"has-post-thumbnail","6":"product_brand-gall-pharma","7":"product_cat-k","8":"pa_packungsgroesse-120-stueck","10":"first","11":"instock","12":"shipping-taxable","13":"purchasable","14":"product-type-simple"},"acf":[],"_links":{"self":[{"href":"https:\/\/www.hirtenberg-apotheke.at\/katalog\/wp-json\/wp\/v2\/product\/14869","targetHints":{"allow":["GET"]}}],"collection":[{"href":"https:\/\/www.hirtenberg-apotheke.at\/katalog\/wp-json\/wp\/v2\/product"}],"about":[{"href":"https:\/\/www.hirtenberg-apotheke.at\/katalog\/wp-json\/wp\/v2\/types\/product"}],"wp:featuredmedia":[{"embeddable":true,"href":"https:\/\/www.hirtenberg-apotheke.at\/katalog\/wp-json\/wp\/v2\/media\/14871"}],"wp:attachment":[{"href":"https:\/\/www.hirtenberg-apotheke.at\/katalog\/wp-json\/wp\/v2\/media?parent=14869"}],"wp:term":[{"taxonomy":"product_brand","embeddable":true,"href":"https:\/\/www.hirtenberg-apotheke.at\/katalog\/wp-json\/wp\/v2\/product_brand?post=14869"},{"taxonomy":"product_cat","embeddable":true,"href":"https:\/\/www.hirtenberg-apotheke.at\/katalog\/wp-json\/wp\/v2\/product_cat?post=14869"},{"taxonomy":"product_tag","embeddable":true,"href":"https:\/\/www.hirtenberg-apotheke.at\/katalog\/wp-json\/wp\/v2\/product_tag?post=14869"}],"curies":[{"name":"wp","href":"https:\/\/api.w.org\/{rel}","templated":true}]}}