{"id":14939,"date":"2025-11-25T15:56:07","date_gmt":"2025-11-25T14:56:07","guid":{"rendered":"https:\/\/www.hirtenberg-apotheke.at\/katalog\/produkt\/bio-h-tin-5-mg-tabletten-30-stk\/"},"modified":"2025-11-25T15:56:35","modified_gmt":"2025-11-25T14:56:35","slug":"bio-h-tin-5-mg-tabletten-30-stk","status":"publish","type":"product","link":"https:\/\/www.hirtenberg-apotheke.at\/katalog\/produkt\/bio-h-tin-5-mg-tabletten-30-stk\/","title":{"rendered":"Bio-h-tin 5 mg Tabletten 30 Stk."},"content":{"rendered":"<p>BIO-H-TIN 5 mg Tabletten unterst\u00fctzen das Wachstum gesunder Haare und N\u00e4gel bei d\u00fcnnen, glanzlosen Haaren, Haarausfall sowie bei splitternden und br\u00fcchigen Fingern\u00e4geln.<\/p>\n","protected":false},"excerpt":{"rendered":"<p>BIO-H-TIN 5 mg Tabletten unterst\u00fctzen das Wachstum gesunder Haare und N\u00e4gel bei d\u00fcnnen, glanzlosen Haaren, Haarausfall sowie bei splitternden und br\u00fcchigen Fingern\u00e4geln.<\/p>\n","protected":false},"featured_media":0,"template":"","meta":{"_acf_changed":false},"product_brand":[624],"product_cat":[292],"product_tag":[],"class_list":{"0":"post-14939","1":"product","2":"type-product","3":"status-publish","5":"product_brand-bio-h-tin","6":"product_cat-b","7":"pa_packungsgroesse-30-stueck","8":"pa_packungsgroesse-60-stueck","9":"pa_packungsgroesse-120-stueck","11":"first","12":"instock","13":"shipping-taxable","14":"purchasable","15":"product-type-simple"},"acf":[],"_links":{"self":[{"href":"https:\/\/www.hirtenberg-apotheke.at\/katalog\/wp-json\/wp\/v2\/product\/14939","targetHints":{"allow":["GET"]}}],"collection":[{"href":"https:\/\/www.hirtenberg-apotheke.at\/katalog\/wp-json\/wp\/v2\/product"}],"about":[{"href":"https:\/\/www.hirtenberg-apotheke.at\/katalog\/wp-json\/wp\/v2\/types\/product"}],"wp:attachment":[{"href":"https:\/\/www.hirtenberg-apotheke.at\/katalog\/wp-json\/wp\/v2\/media?parent=14939"}],"wp:term":[{"taxonomy":"product_brand","embeddable":true,"href":"https:\/\/www.hirtenberg-apotheke.at\/katalog\/wp-json\/wp\/v2\/product_brand?post=14939"},{"taxonomy":"product_cat","embeddable":true,"href":"https:\/\/www.hirtenberg-apotheke.at\/katalog\/wp-json\/wp\/v2\/product_cat?post=14939"},{"taxonomy":"product_tag","embeddable":true,"href":"https:\/\/www.hirtenberg-apotheke.at\/katalog\/wp-json\/wp\/v2\/product_tag?post=14939"}],"curies":[{"name":"wp","href":"https:\/\/api.w.org\/{rel}","templated":true}]}}