{"id":14944,"date":"2025-11-25T15:56:07","date_gmt":"2025-11-25T14:56:07","guid":{"rendered":"https:\/\/www.hirtenberg-apotheke.at\/katalog\/produkt\/biotino-complete-kapseln-60-stk\/"},"modified":"2025-11-25T15:56:22","modified_gmt":"2025-11-25T14:56:22","slug":"biotino-complete-kapseln-60-stk","status":"publish","type":"product","link":"https:\/\/www.hirtenberg-apotheke.at\/katalog\/produkt\/biotino-complete-kapseln-60-stk\/","title":{"rendered":"Biotino Complete Kapseln 60 Stk."},"content":{"rendered":"<p>Biotino Complete Kapseln sind ein Nahrungserg\u00e4nzungsmittel mit Biotin, Zink und 10 weiteren Wirkstoffen. Biotino Complete unterst\u00fctzt die Erhaltung sch\u00f6ner Haut, kr\u00e4ftiger Haare (Biotin) und fester N\u00e4gel (Zink) und tr\u00e4gt au\u00dferdem zu einer normalen Haut- und Haarpigmentierung bei (Kupfer) &#8211;<\/p>\n","protected":false},"excerpt":{"rendered":"<p>Biotino Complete Kapseln sind ein Nahrungserg\u00e4nzungsmittel mit Biotin, Zink und 10 weiteren Wirkstoffen. Biotino Complete unterst\u00fctzt die Erhaltung sch\u00f6ner Haut, kr\u00e4ftiger Haare (Biotin) und fester N\u00e4gel (Zink) und tr\u00e4gt au\u00dferdem zu einer normalen Haut- und Haarpigmentierung bei (Kupfer) &#8211;<\/p>\n","protected":false},"featured_media":14946,"template":"","meta":{"_acf_changed":false},"product_brand":[],"product_cat":[292],"product_tag":[],"class_list":{"0":"post-14944","1":"product","2":"type-product","3":"status-publish","4":"has-post-thumbnail","6":"product_cat-b","7":"pa_packungsgroesse-60-stueck","9":"first","10":"instock","11":"shipping-taxable","12":"purchasable","13":"product-type-simple"},"acf":[],"_links":{"self":[{"href":"https:\/\/www.hirtenberg-apotheke.at\/katalog\/wp-json\/wp\/v2\/product\/14944","targetHints":{"allow":["GET"]}}],"collection":[{"href":"https:\/\/www.hirtenberg-apotheke.at\/katalog\/wp-json\/wp\/v2\/product"}],"about":[{"href":"https:\/\/www.hirtenberg-apotheke.at\/katalog\/wp-json\/wp\/v2\/types\/product"}],"wp:featuredmedia":[{"embeddable":true,"href":"https:\/\/www.hirtenberg-apotheke.at\/katalog\/wp-json\/wp\/v2\/media\/14946"}],"wp:attachment":[{"href":"https:\/\/www.hirtenberg-apotheke.at\/katalog\/wp-json\/wp\/v2\/media?parent=14944"}],"wp:term":[{"taxonomy":"product_brand","embeddable":true,"href":"https:\/\/www.hirtenberg-apotheke.at\/katalog\/wp-json\/wp\/v2\/product_brand?post=14944"},{"taxonomy":"product_cat","embeddable":true,"href":"https:\/\/www.hirtenberg-apotheke.at\/katalog\/wp-json\/wp\/v2\/product_cat?post=14944"},{"taxonomy":"product_tag","embeddable":true,"href":"https:\/\/www.hirtenberg-apotheke.at\/katalog\/wp-json\/wp\/v2\/product_tag?post=14944"}],"curies":[{"name":"wp","href":"https:\/\/api.w.org\/{rel}","templated":true}]}}