{"id":14981,"date":"2025-11-25T15:56:38","date_gmt":"2025-11-25T14:56:38","guid":{"rendered":"https:\/\/www.hirtenberg-apotheke.at\/katalog\/produkt\/hafesan-schwarze-johannisbeerssamenoel-500-mg-kapseln-80-stk\/"},"modified":"2025-11-25T15:56:49","modified_gmt":"2025-11-25T14:56:49","slug":"hafesan-schwarze-johannisbeerssamenoel-500-mg-kapseln-80-stk","status":"publish","type":"product","link":"https:\/\/www.hirtenberg-apotheke.at\/katalog\/produkt\/hafesan-schwarze-johannisbeerssamenoel-500-mg-kapseln-80-stk\/","title":{"rendered":"Hafesan Schwarze Johannisbeerssamen\u00f6l 500 mg Kapseln 80 Stk."},"content":{"rendered":"<p>Die regelm\u00e4\u00dfige Einnahme von hafesan schwarze Johannisbeersamen\u00f6l Kapseln f\u00fchrt zu einer Verbesserung des Hautbildes bei Neurodermitis und Psoriasis, mindert den Juckreiz, f\u00f6rdert die Elastizit\u00e4t der Haut, verbessert ihre Schutzfunktion und vermindert dadurch den Feuchtigkeitsverlust..<\/p>\n","protected":false},"excerpt":{"rendered":"<p>Die regelm\u00e4\u00dfige Einnahme von hafesan schwarze Johannisbeersamen\u00f6l Kapseln f\u00fchrt zu einer Verbesserung des Hautbildes bei Neurodermitis und Psoriasis, mindert den Juckreiz, f\u00f6rdert die Elastizit\u00e4t der Haut, verbessert ihre Schutzfunktion und vermindert dadurch den Feuchtigkeitsverlust..<\/p>\n","protected":false},"featured_media":0,"template":"","meta":{"_acf_changed":false},"product_brand":[329],"product_cat":[330],"product_tag":[],"class_list":{"0":"post-14981","1":"product","2":"type-product","3":"status-publish","5":"product_brand-hafesan","6":"product_cat-h","7":"pa_packungsgroesse-80-stueck","9":"first","10":"instock","11":"shipping-taxable","12":"purchasable","13":"product-type-simple"},"acf":[],"_links":{"self":[{"href":"https:\/\/www.hirtenberg-apotheke.at\/katalog\/wp-json\/wp\/v2\/product\/14981","targetHints":{"allow":["GET"]}}],"collection":[{"href":"https:\/\/www.hirtenberg-apotheke.at\/katalog\/wp-json\/wp\/v2\/product"}],"about":[{"href":"https:\/\/www.hirtenberg-apotheke.at\/katalog\/wp-json\/wp\/v2\/types\/product"}],"wp:attachment":[{"href":"https:\/\/www.hirtenberg-apotheke.at\/katalog\/wp-json\/wp\/v2\/media?parent=14981"}],"wp:term":[{"taxonomy":"product_brand","embeddable":true,"href":"https:\/\/www.hirtenberg-apotheke.at\/katalog\/wp-json\/wp\/v2\/product_brand?post=14981"},{"taxonomy":"product_cat","embeddable":true,"href":"https:\/\/www.hirtenberg-apotheke.at\/katalog\/wp-json\/wp\/v2\/product_cat?post=14981"},{"taxonomy":"product_tag","embeddable":true,"href":"https:\/\/www.hirtenberg-apotheke.at\/katalog\/wp-json\/wp\/v2\/product_tag?post=14981"}],"curies":[{"name":"wp","href":"https:\/\/api.w.org\/{rel}","templated":true}]}}