{"id":15038,"date":"2025-11-25T15:57:06","date_gmt":"2025-11-25T14:57:06","guid":{"rendered":"https:\/\/www.hirtenberg-apotheke.at\/katalog\/produkt\/inversion-femme-kapseln-90-stk\/"},"modified":"2025-11-25T15:57:37","modified_gmt":"2025-11-25T14:57:37","slug":"inversion-femme-kapseln-90-stk","status":"publish","type":"product","link":"https:\/\/www.hirtenberg-apotheke.at\/katalog\/produkt\/inversion-femme-kapseln-90-stk\/","title":{"rendered":"Inversion Femme Kapseln 90 Stk."},"content":{"rendered":"<p>Inversion Femme Kapseln sind ein h\u00f6chst innovatives Nahrungserg\u00e4nzungsmittel, das Frauen ab 30 hilft, gegen die Zeichen der Zeit anzuk\u00e4mpfen. Das Produkt \u00fcberzeugt zudem durch seinen vierfachen Effekt auf die Sch\u00f6nheit der Frau. Es wirkt gleichzeitig auf Haut, Haare, N\u00e4gel und Figur.<\/p>\n","protected":false},"excerpt":{"rendered":"<p>Inversion Femme Kapseln sind ein h\u00f6chst innovatives Nahrungserg\u00e4nzungsmittel, das Frauen ab 30 hilft, gegen die Zeichen der Zeit anzuk\u00e4mpfen. Das Produkt \u00fcberzeugt zudem durch seinen vierfachen Effekt auf die Sch\u00f6nheit der Frau. Es wirkt gleichzeitig auf Haut, Haare, N\u00e4gel und Figur.<\/p>\n","protected":false},"featured_media":0,"template":"","meta":{"_acf_changed":false},"product_brand":[],"product_cat":[370],"product_tag":[],"class_list":{"0":"post-15038","1":"product","2":"type-product","3":"status-publish","5":"product_cat-i","6":"pa_packungsgroesse-90-stueck","8":"first","9":"instock","10":"shipping-taxable","11":"purchasable","12":"product-type-simple"},"acf":[],"_links":{"self":[{"href":"https:\/\/www.hirtenberg-apotheke.at\/katalog\/wp-json\/wp\/v2\/product\/15038","targetHints":{"allow":["GET"]}}],"collection":[{"href":"https:\/\/www.hirtenberg-apotheke.at\/katalog\/wp-json\/wp\/v2\/product"}],"about":[{"href":"https:\/\/www.hirtenberg-apotheke.at\/katalog\/wp-json\/wp\/v2\/types\/product"}],"wp:attachment":[{"href":"https:\/\/www.hirtenberg-apotheke.at\/katalog\/wp-json\/wp\/v2\/media?parent=15038"}],"wp:term":[{"taxonomy":"product_brand","embeddable":true,"href":"https:\/\/www.hirtenberg-apotheke.at\/katalog\/wp-json\/wp\/v2\/product_brand?post=15038"},{"taxonomy":"product_cat","embeddable":true,"href":"https:\/\/www.hirtenberg-apotheke.at\/katalog\/wp-json\/wp\/v2\/product_cat?post=15038"},{"taxonomy":"product_tag","embeddable":true,"href":"https:\/\/www.hirtenberg-apotheke.at\/katalog\/wp-json\/wp\/v2\/product_tag?post=15038"}],"curies":[{"name":"wp","href":"https:\/\/api.w.org\/{rel}","templated":true}]}}